{"id":8420,"date":"2018-09-20T05:53:56","date_gmt":"2018-09-20T11:53:56","guid":{"rendered":"https:\/\/cnpp.org.mx\/?page_id=8420"},"modified":"2018-10-01T13:42:29","modified_gmt":"2018-10-01T19:42:29","slug":"psicologia","status":"publish","type":"page","link":"https:\/\/cnpp.org.mx\/index.php\/psicologia\/","title":{"rendered":"Psicolog\u00eda"},"content":{"rendered":"<p>[vc_section full_width=&#8221;stretch_row&#8221; css=&#8221;.vc_custom_1531383666095{margin-top: 0px !important;margin-bottom: 0px !important;padding-top: 0px !important;padding-bottom: 0px !important;background-position: 0 0 !important;background-repeat: no-repeat !important;}&#8221;][vc_row full_width=&#8221;stretch_row_content_no_spaces&#8221;][vc_column][rev_slider_vc alias=&#8221;psicologia&#8221;][\/vc_column][\/vc_row][vc_row full_width=&#8221;stretch_row&#8221; equal_height=&#8221;yes&#8221; content_placement=&#8221;middle&#8221; el_class=&#8221;background-position-left-top&#8221; css=&#8221;.vc_custom_1532168119330{margin-top: 0px !important;margin-bottom: 0px !important;padding-top: 82px !important;padding-bottom: 48px !important;background-position: 0 0 !important;background-repeat: no-repeat !important;}&#8221;][vc_column width=&#8221;1\/2&#8243; css=&#8221;.vc_custom_1531387745299{margin-top: 0px !important;margin-bottom: 0px !important;padding-top: 0px !important;padding-bottom: 0px !important;}&#8221;][vc_single_image image=&#8221;8422&#8243; img_size=&#8221;full&#8221; css=&#8221;.vc_custom_1537444988027{margin-top: 0px !important;margin-bottom: 15px !important;padding-top: 0px !important;padding-bottom: 0px !important;}&#8221; el_class=&#8221;full-width-image&#8221;][\/vc_column][vc_column width=&#8221;1\/2&#8243; css=&#8221;.vc_custom_1531379255494{margin-top: 0px !important;margin-bottom: 0px !important;padding-top: 0px !important;padding-right: 30px !important;padding-bottom: 0px !important;padding-left: 30px !important;}&#8221;][vc_custom_heading text=&#8221;Psicolog\u00eda&#8221; font_container=&#8221;tag:h2|text_align:left|color:%2302466f|line_height:25px&#8221; use_theme_fonts=&#8221;yes&#8221; css_animation=&#8221;none&#8221; el_class=&#8221;font-weight-semibold&#8221; css=&#8221;.vc_custom_1537445002710{margin-top: 0px !important;margin-bottom: 0px !important;padding-top: 0px !important;padding-bottom: 18px !important;}&#8221;][vc_custom_heading text=&#8221;\u00c1rea cl\u00ednica&#8221; font_container=&#8221;tag:h2|font_size:20px|text_align:left|color:%23edbe25&#8243; use_theme_fonts=&#8221;yes&#8221;][vc_column_text css_animation=&#8221;none&#8221; css=&#8221;.vc_custom_1538422393417{margin-top: 0px !important;margin-bottom: 0px !important;padding-top: 0px !important;padding-bottom: 20px !important;}&#8221;]<\/p>\n<div class=\"paragraph\"><span style=\"font-size: medium;\">En el \u00c1rea Cl\u00ednica se llevan a cabo sesiones de <strong>psicoterapia, <\/strong>incluyendo sesiones de<strong> Orientaci\u00f3n Familiar<\/strong> enfocadas a mejorar la din\u00e1mica familiar, ense\u00f1ando a los padres diversas t\u00e9cnicas de establecimiento de l\u00edmites.<\/span><\/div>\n<div>\n<div class=\"paragraph\"><\/div>\n<\/div>\n<p>[\/vc_column_text][vc_row_inner][vc_column_inner css=&#8221;.vc_custom_1537446541236{background-color: #f3f9fd !important;}&#8221;][vc_column_text]<\/p>\n<div>\n<h3 class=\"paragraph\"><strong>\u00a0<span style=\"font-size: medium;\">Servicios Cl\u00ednicos:<\/span><\/strong><\/h3>\n<h4 class=\"paragraph\"><span style=\"font-size: medium;\"><img loading=\"lazy\" decoding=\"async\" class=\"alignnone size-full wp-image-8423\" src=\"https:\/\/cnpp.org.mx\/wp-content\/uploads\/2018\/09\/8153746.png\" alt=\"\" width=\"24\" height=\"24\" \/><strong>\u00a0Psicoterapia\u00a0para ni\u00f1os, adolescentes y adultos<br \/>\n<\/strong><\/span><span style=\"font-size: medium;\"><strong>(individual y de grupo)<\/strong><\/span><\/h4>\n<h4><strong><span style=\"font-size: medium;\"><img loading=\"lazy\" decoding=\"async\" class=\"alignnone size-full wp-image-8423\" src=\"https:\/\/cnpp.org.mx\/wp-content\/uploads\/2018\/09\/8153746.png\" alt=\"\" width=\"24\" height=\"24\" \/>\u00a0Orientaci\u00f3n Familiar<\/span><\/strong><\/h4>\n<\/div>\n<p>&nbsp;[\/vc_column_text][\/vc_column_inner][\/vc_row_inner][vc_empty_space][vc_column_text]Como servicios complementarios se ofrecen pl\u00e1ticas para el p\u00fablico en general sobre temas de inter\u00e9s para mejorar la calidad de vida intrafamiliar.[\/vc_column_text][\/vc_column][\/vc_row][\/vc_section][vc_section full_width=&#8221;stretch_row&#8221; css=&#8221;.vc_custom_1532167956213{margin-top: 0px !important;margin-bottom: 0px !important;padding-top: 20px !important;padding-bottom: 66px !important;}&#8221; el_class=&#8221;background-position-top-custom&#8221;][vc_row gap=&#8221;35&#8243;][vc_column width=&#8221;7\/12&#8243; css=&#8221;.vc_custom_1532164210873{margin-top: 0px !important;margin-bottom: 0px !important;padding-top: 0px !important;padding-right: 0px !important;padding-bottom: 0px !important;padding-left: 0px !important;}&#8221; offset=&#8221;vc_col-lg-8 vc_col-md-8 vc_col-xs-12&#8243;][vc_custom_heading text=&#8221;\u00c1rea diagn\u00f3stica&#8221; font_container=&#8221;tag:h2|font_size:20px|text_align:left|color:%23edbe25&#8243; use_theme_fonts=&#8221;yes&#8221;][vc_column_text css_animation=&#8221;none&#8221; css=&#8221;.vc_custom_1538422942987{margin-top: 0px !important;margin-bottom: 0px !important;padding-top: 0px !important;padding-bottom: 20px !important;}&#8221;]El \u00c1rea Diagn\u00f3stica cuenta con una gran gama de pruebas psicodiagn\u00f3sticas actualizadas que permiten evaluar de una manera muy precisa tanto el potencial como el rendimiento del paciente en diversas \u00e1reas como son el coeficiente intelectual, el estado perceptual tanto visual como auditivo, la coordinaci\u00f3n visomotora, el estado emocional y su rendimiento escolar. El departamento de psicolog\u00eda tambi\u00e9n cuenta con un servicio de orientaci\u00f3n vocacional.<br \/>\nDebido a la importancia que para nosotros tiene tratar al ni\u00f1o de manera integral, realizamos un enlace con el colegio para conocer al ni\u00f1o dentro de su ambiente acad\u00e9mico y poder trabajar en coordinaci\u00f3n con los docentes.<\/p>\n<p>&nbsp;[\/vc_column_text][vc_row_inner][vc_column_inner width=&#8221;1\/2&#8243; css=&#8221;.vc_custom_1537446287430{background-color: #f3f9fd !important;}&#8221;][vc_column_text css_animation=&#8221;none&#8221; css=&#8221;.vc_custom_1538422607015{margin-top: 0px !important;margin-bottom: 0px !important;padding-top: 0px !important;padding-bottom: 20px !important;}&#8221;]<\/p>\n<h4><strong>Servicios Diagn\u00f3sticos:<\/strong><\/h4>\n<p>&nbsp;<\/p>\n<h5><strong><img loading=\"lazy\" decoding=\"async\" class=\"alignnone size-full wp-image-8423\" src=\"https:\/\/cnpp.org.mx\/wp-content\/uploads\/2018\/09\/8153746.png\" alt=\"\" width=\"24\" height=\"24\" \/>\u00a0Evaluaci\u00f3n Psicopedag\u00f3gica<\/strong><\/h5>\n<h5><strong><img loading=\"lazy\" decoding=\"async\" class=\"alignnone size-full wp-image-8423\" src=\"https:\/\/cnpp.org.mx\/wp-content\/uploads\/2018\/09\/8153746.png\" alt=\"\" width=\"24\" height=\"24\" \/>\u00a0Evaluaci\u00f3n Neuropsicol\u00f3gica<\/strong><\/h5>\n<h5><strong><img loading=\"lazy\" decoding=\"async\" class=\"alignnone size-full wp-image-8423\" src=\"https:\/\/cnpp.org.mx\/wp-content\/uploads\/2018\/09\/8153746.png\" alt=\"\" width=\"24\" height=\"24\" \/>\u00a0Evaluaci\u00f3n de Desarrollo<\/strong><\/h5>\n<h5><strong><img loading=\"lazy\" decoding=\"async\" class=\"alignnone size-full wp-image-8423\" src=\"https:\/\/cnpp.org.mx\/wp-content\/uploads\/2018\/09\/8153746.png\" alt=\"\" width=\"24\" height=\"24\" \/> Evaluaci\u00f3n Emocional<\/strong><\/h5>\n<p>&nbsp;[\/vc_column_text][\/vc_column_inner][vc_column_inner width=&#8221;1\/2&#8243; css=&#8221;.vc_custom_1537446311628{background-color: #f3f9fd !important;}&#8221;][vc_empty_space height=&#8221;55px&#8221;][vc_column_text css_animation=&#8221;none&#8221; css=&#8221;.vc_custom_1537446830990{margin-top: 0px !important;margin-bottom: 0px !important;padding-top: 0px !important;padding-bottom: 20px !important;}&#8221;]<\/p>\n<h5><img loading=\"lazy\" decoding=\"async\" class=\"alignnone size-full wp-image-8423\" src=\"https:\/\/cnpp.org.mx\/wp-content\/uploads\/2018\/09\/8153746.png\" alt=\"\" width=\"24\" height=\"24\" \/><strong> Evaluaci\u00f3n de Orientaci\u00f3n Vocacional<\/strong><\/h5>\n<h5><strong><img loading=\"lazy\" decoding=\"async\" class=\"alignnone size-full wp-image-8423\" src=\"https:\/\/cnpp.org.mx\/wp-content\/uploads\/2018\/09\/8153746.png\" alt=\"\" width=\"24\" height=\"24\" \/>\u00a0Evaluaci\u00f3n de Lenguaje<\/strong><\/h5>\n<h5><strong><img loading=\"lazy\" decoding=\"async\" class=\"alignnone size-full wp-image-8423\" src=\"https:\/\/cnpp.org.mx\/wp-content\/uploads\/2018\/09\/8153746.png\" alt=\"\" width=\"24\" height=\"24\" \/> Evaluaci\u00f3n de Aprendizaje<\/strong><\/h5>\n<h4><\/h4>\n<p>&nbsp;[\/vc_column_text][\/vc_column_inner][\/vc_row_inner][vc_empty_space][vc_empty_space][\/vc_column][vc_column width=&#8221;5\/12&#8243; css=&#8221;.vc_custom_1531893806780{padding-left: 20px !important;}&#8221; offset=&#8221;vc_col-lg-4 vc_col-md-4 vc_col-xs-12&#8243;][vc_row_inner css=&#8221;.vc_custom_1532164808767{margin-top: 0px !important;margin-bottom: 0px !important;border-top-width: 1px !important;border-right-width: 1px !important;border-bottom-width: 1px !important;border-left-width: 1px !important;padding-top: 0px !important;padding-right: 0px !important;padding-bottom: 0px !important;padding-left: 0px !important;border-left-color: #dfeaf2 !important;border-left-style: solid !important;border-right-color: #dfeaf2 !important;border-right-style: solid !important;border-top-color: #dfeaf2 !important;border-top-style: solid !important;border-bottom-color: #dfeaf2 !important;border-bottom-style: solid !important;}&#8221;][vc_column_inner css=&#8221;.vc_custom_1531733996221{margin-top: 0px !important;margin-bottom: 0px !important;padding-top: 0px !important;padding-right: 0px !important;padding-bottom: 0px !important;padding-left: 0px !important;}&#8221;][vc_custom_heading text=&#8221;Todos los servicios&#8221; font_container=&#8221;tag:h3|font_size:18px|text_align:left|color:%232b2b2b|line_height:24px&#8221; use_theme_fonts=&#8221;yes&#8221; css=&#8221;.vc_custom_1537281315800{margin-top: 0px !important;margin-bottom: 0px !important;padding-top: 18px !important;padding-right: 17px !important;padding-bottom: 18px !important;padding-left: 28px !important;}&#8221; el_class=&#8221;font-weight-bold&#8221;]<!-- radiantthemes-custom-menu --><div class=\"radiantthemes-custom-menu element-one rt1671323209 vertical-menu\"    ><ul id=\"menu-servicios\" class=\"menu rt-mega-menu-transition-default\"><li id=\"menu-item-8130\" class=\"menu-item menu-item-type-post_type menu-item-object-page menu-flyout rt-mega-menu-hover item-8130\"><a  href=\"https:\/\/cnpp.org.mx\/index.php\/neurologia-3\/\">Neurolog\u00eda<\/a><\/li>\n<li id=\"menu-item-8436\" class=\"menu-item menu-item-type-post_type menu-item-object-page menu-flyout rt-mega-menu-hover item-8436\"><a  href=\"https:\/\/cnpp.org.mx\/index.php\/neurofisiologia\/\">Neurofisiolog\u00eda Cl\u00ednica<\/a><\/li>\n<li id=\"menu-item-8435\" class=\"menu-item menu-item-type-post_type menu-item-object-page menu-flyout rt-mega-menu-hover item-8435\"><a  href=\"https:\/\/cnpp.org.mx\/index.php\/psiquiatria\/\">Psiquiatr\u00eda<\/a><\/li>\n<li id=\"menu-item-8434\" class=\"menu-item menu-item-type-post_type menu-item-object-page menu-flyout rt-mega-menu-hover item-8434\"><a  href=\"https:\/\/cnpp.org.mx\/index.php\/psicologia\/\">Psicolog\u00eda<\/a><\/li>\n<li id=\"menu-item-8483\" class=\"menu-item menu-item-type-post_type menu-item-object-page menu-flyout rt-mega-menu-hover item-8483\"><a  href=\"https:\/\/cnpp.org.mx\/index.php\/psicopedagogia\/\">Psicopedagog\u00eda<\/a><\/li>\n<li id=\"menu-item-8482\" class=\"menu-item menu-item-type-post_type menu-item-object-page menu-flyout rt-mega-menu-hover item-8482\"><a  href=\"https:\/\/cnpp.org.mx\/index.php\/neurofeedback\/\">Neurofeedback<\/a><\/li>\n<li id=\"menu-item-8498\" class=\"menu-item menu-item-type-post_type menu-item-object-page menu-flyout rt-mega-menu-hover item-8498\"><a  href=\"https:\/\/cnpp.org.mx\/index.php\/trastornos-del-dormir\/\">Trastornos del dormir<\/a><\/li>\n<\/ul><\/div>\r<!-- radiantthemes-custom-menu -->\r[\/vc_column_inner][\/vc_row_inner][vc_row_inner css=&#8221;.vc_custom_1531735838589{margin-top: 28px !important;margin-bottom: 0px !important;padding-top: 0px !important;padding-right: 0px !important;padding-bottom: 0px !important;padding-left: 0px !important;}&#8221;][vc_column_inner css=&#8221;.vc_custom_1532165181998{margin-top: 0px !important;margin-bottom: 0px !important;border-top-width: 1px !important;border-right-width: 1px !important;border-bottom-width: 1px !important;border-left-width: 1px !important;padding-top: 20px !important;padding-right: 26px !important;padding-bottom: 14px !important;padding-left: 26px !important;background-color: #f3f9fd !important;background-position: center !important;background-repeat: no-repeat !important;background-size: cover !important;border-left-color: #dfeaf2 !important;border-left-style: solid !important;border-right-color: #dfeaf2 !important;border-right-style: solid !important;border-top-color: #dfeaf2 !important;border-top-style: solid !important;border-bottom-color: #dfeaf2 !important;border-bottom-style: solid !important;}&#8221;][vc_custom_heading text=&#8221;Horario&#8221; font_container=&#8221;tag:h3|font_size:18px|text_align:left|color:%232d2d2d|line_height:24px&#8221; use_theme_fonts=&#8221;yes&#8221; css=&#8221;.vc_custom_1537281347263{margin-top: 0px !important;margin-bottom: 0px !important;padding-top: 0px !important;padding-bottom: 0px !important;}&#8221; el_class=&#8221;font-weight-bold&#8221;][vc_raw_html css=&#8221;.vc_custom_1537281469564{margin-top: 20px !important;margin-bottom: 0px !important;padding-top: 0px !important;padding-bottom: 0px !important;}&#8221;]JTNDdGFibGUlMjBjbGFzcyUzRCUyMnRhYmxlJTIyJTIwJTNFJTBBJTA5JTNDdGJvZHklM0UlM0N0ciUzRSUwQSUwOSUwOSUzQ3RkJTNFTHVuZXMlMjBhJTIwVmllcm5lcyUzQyUyRnRkJTNFJTBBJTA5JTA5JTNDdGQlMjBjbGFzcyUzRCUyMnRleHQtcmlnaHQlMjIlM0U5JTNBMDAlMjBhbSUyMC0lMjA4JTNBMDAlMjBwbSUzQyUyRnRkJTNFJTBBJTA5JTNDJTJGdHIlM0UlMEElMDklM0N0ciUzRSUwQSUwOSUwOSUzQ3RkJTNFUyVDMyVBMWJhZG9zJTNDJTJGdGQlM0UlMEElMDklMDklM0N0ZCUyMGNsYXNzJTNEJTIydGV4dC1yaWdodCUyMiUzRTEwJTNBMDAlMjBhbSUyMC0xJTNBMzAlMjBwbSUzQyUyRnRkJTNFJTBBJTA5JTNDJTJGdHIlM0UlMEElMDklMEElM0MlMkZ0Ym9keSUzRSUzQyUyRnRhYmxlJTNFJTBB[\/vc_raw_html][\/vc_column_inner][\/vc_row_inner][vc_row_inner css=&#8221;.vc_custom_1532165353791{margin-top: 28px !important;margin-bottom: 0px !important;padding-top: 0px !important;padding-right: 0px !important;padding-bottom: 0px !important;padding-left: 0px !important;}&#8221;][vc_column_inner css=&#8221;.vc_custom_1532165336846{margin-top: 0px !important;margin-bottom: 0px !important;border-top-width: 1px !important;border-right-width: 1px !important;border-bottom-width: 1px !important;border-left-width: 1px !important;padding-top: 20px !important;padding-right: 25px !important;padding-bottom: 25px !important;padding-left: 25px !important;border-left-color: #dfeaf2 !important;border-left-style: solid !important;border-right-color: #dfeaf2 !important;border-right-style: solid !important;border-top-color: #dfeaf2 !important;border-top-style: solid !important;border-bottom-color: #dfeaf2 !important;border-bottom-style: solid !important;}&#8221;][vc_custom_heading text=&#8221;Cont\u00e1ctanos&#8221; font_container=&#8221;tag:h3|font_size:18px|text_align:left|color:%232b2b2b|line_height:24px&#8221; use_theme_fonts=&#8221;yes&#8221; css=&#8221;.vc_custom_1537281623228{margin-top: 0px !important;margin-bottom: 0px !important;padding-top: 0px !important;padding-right: 0px !important;padding-bottom: 20px !important;padding-left: 0px !important;}&#8221; el_class=&#8221;font-weight-bold&#8221;][vc_custom_heading text=&#8221;Tienes dudas o quieres una valoraci\u00f3n. Escr\u00edbenos.&#8221; font_container=&#8221;tag:p|font_size:15px|text_align:left|color:%23434343|line_height:26px&#8221; use_theme_fonts=&#8221;yes&#8221; css_animation=&#8221;none&#8221; css=&#8221;.vc_custom_1537281866664{margin-top: 0px !important;margin-bottom: 18px !important;padding-top: 0px !important;padding-bottom: 0px !important;}&#8221;]\r<!-- rt-cf7 -->\r<div class=\"radiant-contact-form rtf8b5dbdd8580636 element-one \"  >\n<div class=\"wpcf7 no-js\" id=\"wpcf7-f7280-o1\" lang=\"en-US\" dir=\"ltr\" data-wpcf7-id=\"7280\">\n<div class=\"screen-reader-response\"><p role=\"status\" aria-live=\"polite\" aria-atomic=\"true\"><\/p> <ul><\/ul><\/div>\n<form action=\"\/index.php\/wp-json\/wp\/v2\/pages\/8420#wpcf7-f7280-o1\" method=\"post\" class=\"wpcf7-form init\" aria-label=\"Contact form\" novalidate=\"novalidate\" data-status=\"init\">\n<fieldset class=\"hidden-fields-container\"><input type=\"hidden\" name=\"_wpcf7\" value=\"7280\" \/><input type=\"hidden\" name=\"_wpcf7_version\" value=\"6.1.5\" \/><input type=\"hidden\" name=\"_wpcf7_locale\" value=\"en_US\" \/><input type=\"hidden\" name=\"_wpcf7_unit_tag\" value=\"wpcf7-f7280-o1\" \/><input type=\"hidden\" name=\"_wpcf7_container_post\" value=\"0\" \/><input type=\"hidden\" name=\"_wpcf7_posted_data_hash\" value=\"\" \/>\n<\/fieldset>\n<div class=\"row\">\n\t<div class=\"col-lg-6 col-md-6 col-sm-12 col-xs-12\">\n\t\t<div class=\"form-row\">\n\t\t\t<p><span class=\"wpcf7-form-control-wrap\" data-name=\"Name\"><input size=\"40\" maxlength=\"400\" class=\"wpcf7-form-control wpcf7-text wpcf7-validates-as-required\" aria-required=\"true\" aria-invalid=\"false\" placeholder=\"Nombre*:\" value=\"\" type=\"text\" name=\"Name\" \/><\/span>\n\t\t\t<\/p>\n\t\t<\/div>\n\t<\/div>\n\t<div class=\"col-lg-6 col-md-6 col-sm-12 col-xs-12\">\n\t\t<div class=\"form-row\">\n\t\t\t<p><span class=\"wpcf7-form-control-wrap\" data-name=\"email\"><input size=\"40\" maxlength=\"400\" class=\"wpcf7-form-control wpcf7-email wpcf7-validates-as-required wpcf7-text wpcf7-validates-as-email\" aria-required=\"true\" aria-invalid=\"false\" placeholder=\"E-mail*:\" value=\"\" type=\"email\" name=\"email\" \/><\/span>\n\t\t\t<\/p>\n\t\t<\/div>\n\t<\/div>\n\t<div class=\"col-lg-6 col-md-6 col-sm-12 col-xs-12\">\n\t\t<div class=\"form-row\">\n\t\t\t<p><span class=\"wpcf7-form-control-wrap\" data-name=\"YourPhone\"><input size=\"40\" maxlength=\"400\" class=\"wpcf7-form-control wpcf7-tel wpcf7-text wpcf7-validates-as-tel\" aria-invalid=\"false\" placeholder=\"Tel\u00e9fono*:\" value=\"\" type=\"tel\" name=\"YourPhone\" \/><\/span>\n\t\t\t<\/p>\n\t\t<\/div>\n\t<\/div>\n\t<div class=\"col-lg-6 col-md-6 col-sm-12 col-xs-12\">\n\t\t<div class=\"form-row\">\n\t\t\t<p><span class=\"wpcf7-form-control-wrap\" data-name=\"subject\"><input size=\"40\" maxlength=\"400\" class=\"wpcf7-form-control wpcf7-text\" aria-invalid=\"false\" placeholder=\"Asunto:\" value=\"\" type=\"text\" name=\"subject\" \/><\/span>\n\t\t\t<\/p>\n\t\t<\/div>\n\t<\/div>\n\t<div class=\"col-lg-12 col-md-12 col-sm-12 col-xs-12\">\n\t\t<div class=\"form-row \">\n\t\t\t<p><span class=\"wpcf7-form-control-wrap\" data-name=\"message\"><textarea cols=\"40\" rows=\"10\" maxlength=\"2000\" class=\"wpcf7-form-control wpcf7-textarea\" aria-invalid=\"false\" placeholder=\"Mensaje:\" name=\"message\"><\/textarea><\/span>\n\t\t\t<\/p>\n\t\t<\/div>\n\t<\/div>\n\t<div class=\"col-lg-12 col-md-12 col-sm-12 col-xs-12\">\n\t\t<div class=\"form-row last text-center\">\n\t\t\t<p><input class=\"wpcf7-form-control wpcf7-submit has-spinner custom-btn-submit2\" type=\"submit\" value=\"Enviar\" \/>\n\t\t\t<\/p>\n\t\t<\/div>\n\t<\/div>\n<\/div><p style=\"display: none !important;\" class=\"akismet-fields-container\" data-prefix=\"_wpcf7_ak_\"><label>&#916;<textarea name=\"_wpcf7_ak_hp_textarea\" cols=\"45\" rows=\"8\" maxlength=\"100\"><\/textarea><\/label><input type=\"hidden\" id=\"ak_js_1\" name=\"_wpcf7_ak_js\" value=\"175\"\/><script>document.getElementById( \"ak_js_1\" ).setAttribute( \"value\", ( new Date() ).getTime() );<\/script><\/p><div class=\"wpcf7-response-output\" aria-hidden=\"true\"><\/div>\n<\/form>\n<\/div>\n<div class=\"clearfix\"><\/div><\/div><!-- rt-cf7 -->\r[\/vc_column_inner][\/vc_row_inner][\/vc_column][\/vc_row][\/vc_section]<\/p>\n","protected":false},"excerpt":{"rendered":"<p>[vc_section full_width=&#8221;stretch_row&#8221; css=&#8221;.vc_custom_1531383666095{margin-top: 0px !important;margin-bottom: 0px !important;padding-top: 0px !important;padding-bottom: 0px !important;background-position: 0 0 !important;background-repeat: no-repeat !important;}&#8221;][vc_row full_width=&#8221;stretch_row_content_no_spaces&#8221;][vc_column][rev_slider_vc alias=&#8221;psicologia&#8221;][\/vc_column][\/vc_row][vc_row full_width=&#8221;stretch_row&#8221; equal_height=&#8221;yes&#8221; content_placement=&#8221;middle&#8221; el_class=&#8221;background-position-left-top&#8221; css=&#8221;.vc_custom_1532168119330{margin-top: 0px !important;margin-bottom: 0px !important;padding-top: 82px !important;padding-bottom: 48px !important;background-position: 0 0 !important;background-repeat: no-repeat !important;}&#8221;][vc_column width=&#8221;1\/2&#8243; css=&#8221;.vc_custom_1531387745299{margin-top: 0px !important;margin-bottom: 0px !important;padding-top: 0px !important;padding-bottom: 0px !important;}&#8221;][vc_single_image image=&#8221;8422&#8243; img_size=&#8221;full&#8221; css=&#8221;.vc_custom_1537444988027{margin-top: 0px !important;margin-bottom: 15px !important;padding-top: 0px !important;padding-bottom: [&hellip;]<\/p>\n","protected":false},"author":1,"featured_media":0,"parent":0,"menu_order":0,"comment_status":"closed","ping_status":"closed","template":"","meta":{"footnotes":""},"class_list":["post-8420","page","type-page","status-publish","hentry"],"_links":{"self":[{"href":"https:\/\/cnpp.org.mx\/index.php\/wp-json\/wp\/v2\/pages\/8420","targetHints":{"allow":["GET"]}}],"collection":[{"href":"https:\/\/cnpp.org.mx\/index.php\/wp-json\/wp\/v2\/pages"}],"about":[{"href":"https:\/\/cnpp.org.mx\/index.php\/wp-json\/wp\/v2\/types\/page"}],"author":[{"embeddable":true,"href":"https:\/\/cnpp.org.mx\/index.php\/wp-json\/wp\/v2\/users\/1"}],"replies":[{"embeddable":true,"href":"https:\/\/cnpp.org.mx\/index.php\/wp-json\/wp\/v2\/comments?post=8420"}],"version-history":[{"count":14,"href":"https:\/\/cnpp.org.mx\/index.php\/wp-json\/wp\/v2\/pages\/8420\/revisions"}],"predecessor-version":[{"id":8665,"href":"https:\/\/cnpp.org.mx\/index.php\/wp-json\/wp\/v2\/pages\/8420\/revisions\/8665"}],"wp:attachment":[{"href":"https:\/\/cnpp.org.mx\/index.php\/wp-json\/wp\/v2\/media?parent=8420"}],"curies":[{"name":"wp","href":"https:\/\/api.w.org\/{rel}","templated":true}]}}