{"id":8441,"date":"2018-09-20T08:25:40","date_gmt":"2018-09-20T14:25:40","guid":{"rendered":"https:\/\/cnpp.org.mx\/?page_id=8441"},"modified":"2018-10-01T13:26:32","modified_gmt":"2018-10-01T19:26:32","slug":"psicopedagogia","status":"publish","type":"page","link":"https:\/\/cnpp.org.mx\/index.php\/psicopedagogia\/","title":{"rendered":"Psicopedagog\u00eda"},"content":{"rendered":"<p>[vc_section full_width=&#8221;stretch_row&#8221; css=&#8221;.vc_custom_1531383666095{margin-top: 0px !important;margin-bottom: 0px !important;padding-top: 0px !important;padding-bottom: 0px !important;background-position: 0 0 !important;background-repeat: no-repeat !important;}&#8221;][vc_row full_width=&#8221;stretch_row_content_no_spaces&#8221;][vc_column][rev_slider_vc alias=&#8221;psicopedagogia&#8221;][\/vc_column][\/vc_row][vc_row full_width=&#8221;stretch_row&#8221; equal_height=&#8221;yes&#8221; content_placement=&#8221;middle&#8221; el_class=&#8221;background-position-left-top&#8221; css=&#8221;.vc_custom_1532168119330{margin-top: 0px !important;margin-bottom: 0px !important;padding-top: 82px !important;padding-bottom: 48px !important;background-position: 0 0 !important;background-repeat: no-repeat !important;}&#8221;][vc_column width=&#8221;1\/2&#8243; css=&#8221;.vc_custom_1531387745299{margin-top: 0px !important;margin-bottom: 0px !important;padding-top: 0px !important;padding-bottom: 0px !important;}&#8221;][vc_single_image image=&#8221;8496&#8243; img_size=&#8221;full&#8221; css=&#8221;.vc_custom_1537469953085{margin-top: 0px !important;margin-bottom: 15px !important;padding-top: 0px !important;padding-bottom: 0px !important;}&#8221; el_class=&#8221;full-width-image&#8221;][\/vc_column][vc_column width=&#8221;1\/2&#8243; css=&#8221;.vc_custom_1531379255494{margin-top: 0px !important;margin-bottom: 0px !important;padding-top: 0px !important;padding-right: 30px !important;padding-bottom: 0px !important;padding-left: 30px !important;}&#8221;][vc_custom_heading text=&#8221;Psicopedagog\u00eda&#8221; font_container=&#8221;tag:h2|text_align:left|color:%2302466f|line_height:25px&#8221; use_theme_fonts=&#8221;yes&#8221; css_animation=&#8221;none&#8221; el_class=&#8221;font-weight-semibold&#8221; css=&#8221;.vc_custom_1537453603149{margin-top: 0px !important;margin-bottom: 0px !important;padding-top: 0px !important;padding-bottom: 18px !important;}&#8221;][vc_column_text css_animation=&#8221;none&#8221; css=&#8221;.vc_custom_1538421987831{margin-top: 0px !important;margin-bottom: 0px !important;padding-top: 0px !important;padding-bottom: 20px !important;}&#8221;]<\/p>\n<div class=\"paragraph\">Con base en el diagn\u00f3stico Integral de los pacientes, esta Unidad atiende a ni\u00f1os y adolescentes con problemas de aprendizaje, alteraciones tanto en la comprensi\u00f3n como en la producci\u00f3n del lenguaje y en el desarrollo psicomotor.<br \/>\nSe lleva a cabo un tratamiento individualizado, trabajando en forma personal como en peque\u00f1os grupos, prestando especial inter\u00e9s en la rehabilitaci\u00f3n de las \u00e1reas espec\u00edficas que se encuentren disminuidas hasta alcanzar los niveles \u00f3ptimos para su edad.<br \/>\nContamos con material especializado, tanto convencional como apoyado por el uso de programas por computadora, para la evaluaci\u00f3n y desarrollo de programas terap\u00e9uticos acorde a las necesidades educativas de cada paciente.<\/div>\n<p>[\/vc_column_text][\/vc_column][\/vc_row][\/vc_section][vc_section full_width=&#8221;stretch_row&#8221; css=&#8221;.vc_custom_1532167956213{margin-top: 0px !important;margin-bottom: 0px !important;padding-top: 20px !important;padding-bottom: 66px !important;}&#8221; el_class=&#8221;background-position-top-custom&#8221;][vc_row gap=&#8221;35&#8243;][vc_column width=&#8221;7\/12&#8243; css=&#8221;.vc_custom_1532164210873{margin-top: 0px !important;margin-bottom: 0px !important;padding-top: 0px !important;padding-right: 0px !important;padding-bottom: 0px !important;padding-left: 0px !important;}&#8221; offset=&#8221;vc_col-lg-8 vc_col-md-8 vc_col-xs-12&#8243;][vc_custom_heading text=&#8221;Terapias&#8221; font_container=&#8221;tag:h2|font_size:20px|text_align:left|color:%23edbe25&#8243; use_theme_fonts=&#8221;yes&#8221;]<div class=\"radiantthemes-accordion element-one   vc_custom_1537454939139 rt181312839\"  ><div class=\"radiantthemes-accordion-item\"><div class=\"radiantthemes-accordion-item-title\"><div class=\"radiantthemes-accordion-item-title-icon\"><i class=\"fa fa-angle-down\"><\/i><\/div><h4 class=\"panel-title\">Estimulaci\u00f3n Temprana<\/h4><\/div><div class=\"radiantthemes-accordion-item-body\"><img loading=\"lazy\" decoding=\"async\" class=\"wp-image-8448 aligncenter\" src=\"https:\/\/cnpp.org.mx\/wp-content\/uploads\/2018\/09\/t-estimulacion-temprana-600-300x113.jpg\" alt=\"\" width=\"507\" height=\"191\" srcset=\"https:\/\/cnpp.org.mx\/wp-content\/uploads\/2018\/09\/t-estimulacion-temprana-600-300x113.jpg 300w, https:\/\/cnpp.org.mx\/wp-content\/uploads\/2018\/09\/t-estimulacion-temprana-600.jpg 600w\" sizes=\"auto, (max-width: 507px) 100vw, 507px\" \/><\/p>\n<p>Est\u00e1 dirigida a ni\u00f1os desde 45 d\u00edas de nacidos hasta los 3 a\u00f1os de edad.<\/p>\n<p>Se llevan a cabo evaluaciones para identificar las habilidades logradas y no logradas en cada \u00e1rea del desarrollo, con el fin de implementar sesiones espec\u00edficas, para que alcance el nivel de maduraci\u00f3n correspondiente.<\/p>\n<p>Se instruye adem\u00e1s a los padres para la realizaci\u00f3n de ejercicios en casa con el fin de apoyar el proceso terap\u00e9utico.<\/div><\/div><div class=\"radiantthemes-accordion-item\"><div class=\"radiantthemes-accordion-item-title\"><div class=\"radiantthemes-accordion-item-title-icon\"><i class=\"fa fa-angle-down\"><\/i><\/div><h4 class=\"panel-title\">Aprendizaje<\/h4><\/div><div class=\"radiantthemes-accordion-item-body\"><img loading=\"lazy\" decoding=\"async\" class=\" wp-image-8450 aligncenter\" src=\"https:\/\/cnpp.org.mx\/wp-content\/uploads\/2018\/09\/Carrera-de-psicopedagogi\u0301a-4-300x100.jpg\" alt=\"\" width=\"537\" height=\"179\" srcset=\"https:\/\/cnpp.org.mx\/wp-content\/uploads\/2018\/09\/Carrera-de-psicopedagogi\u0301a-4-300x100.jpg 300w, https:\/\/cnpp.org.mx\/wp-content\/uploads\/2018\/09\/Carrera-de-psicopedagogi\u0301a-4-768x256.jpg 768w, https:\/\/cnpp.org.mx\/wp-content\/uploads\/2018\/09\/Carrera-de-psicopedagogi\u0301a-4-600x200.jpg 600w, https:\/\/cnpp.org.mx\/wp-content\/uploads\/2018\/09\/Carrera-de-psicopedagogi\u0301a-4.jpg 900w\" sizes=\"auto, (max-width: 537px) 100vw, 537px\" \/><\/p>\n<p>Se atienden a ni\u00f1os y adolescentes con problemas de aprendizaje en la adquisici\u00f3n de la lecto-escritura, comprensi\u00f3n de lectura y matem\u00e1ticas; a trav\u00e9s del desarrollo de habilidades, senso-percepciones y dispositivos b\u00e1sicos del aprendizaje: atenci\u00f3n, memoria, razonamiento y pensamiento l\u00f3gico-matem\u00e1tico.<\/div><\/div><div class=\"radiantthemes-accordion-item\"><div class=\"radiantthemes-accordion-item-title\"><div class=\"radiantthemes-accordion-item-title-icon\"><i class=\"fa fa-angle-down\"><\/i><\/div><h4 class=\"panel-title\">Lenguaje<\/h4><\/div><div class=\"radiantthemes-accordion-item-body\"><img loading=\"lazy\" decoding=\"async\" class=\" wp-image-8456 aligncenter\" src=\"https:\/\/cnpp.org.mx\/wp-content\/uploads\/2018\/09\/language-literacy_720_new_0-300x169.jpg\" alt=\"\" width=\"579\" height=\"326\" srcset=\"https:\/\/cnpp.org.mx\/wp-content\/uploads\/2018\/09\/language-literacy_720_new_0-300x169.jpg 300w, https:\/\/cnpp.org.mx\/wp-content\/uploads\/2018\/09\/language-literacy_720_new_0-600x338.jpg 600w, https:\/\/cnpp.org.mx\/wp-content\/uploads\/2018\/09\/language-literacy_720_new_0.jpg 720w\" sizes=\"auto, (max-width: 579px) 100vw, 579px\" \/><\/p>\n<p>Se da atenci\u00f3n a ni\u00f1os y adolescentes con problemas en el desarrollo del lenguaje: la emisi\u00f3n, comprensi\u00f3n, estructuraci\u00f3n y articulaci\u00f3n del lenguaje, as\u00ed como problemas auditivos, fisura labio palatina, par\u00e1lisis cerebral, afasias y tartamudez. Se aplican evaluaciones y programas espec\u00edficos, adem\u00e1s de brindar orientaci\u00f3n a padres de familia.<\/div><\/div><div class=\"radiantthemes-accordion-item\"><div class=\"radiantthemes-accordion-item-title\"><div class=\"radiantthemes-accordion-item-title-icon\"><i class=\"fa fa-angle-down\"><\/i><\/div><h4 class=\"panel-title\">Psicomotricidad<\/h4><\/div><div class=\"radiantthemes-accordion-item-body\"><span style=\"font-size: medium;\"><img loading=\"lazy\" decoding=\"async\" class=\" wp-image-8458 aligncenter\" src=\"https:\/\/cnpp.org.mx\/wp-content\/uploads\/2018\/09\/psicomotricidad-840x300-300x107.jpg\" alt=\"\" width=\"532\" height=\"190\" srcset=\"https:\/\/cnpp.org.mx\/wp-content\/uploads\/2018\/09\/psicomotricidad-840x300-300x107.jpg 300w, https:\/\/cnpp.org.mx\/wp-content\/uploads\/2018\/09\/psicomotricidad-840x300-768x274.jpg 768w, https:\/\/cnpp.org.mx\/wp-content\/uploads\/2018\/09\/psicomotricidad-840x300-600x214.jpg 600w, https:\/\/cnpp.org.mx\/wp-content\/uploads\/2018\/09\/psicomotricidad-840x300.jpg 840w\" sizes=\"auto, (max-width: 532px) 100vw, 532px\" \/><\/span><\/p>\n<p><span style=\"font-size: medium;\">Se atienden a ni\u00f1os de los 3 a 10 a\u00f1os de edad que presentan problemas de coordinaci\u00f3n motora gruesa y fina, lateralidad, ubicaci\u00f3n tiempo-espacio, equilibrio, entre otros.<\/span><\/p>\n<p><span style=\"font-size: medium;\">Con el fin de normalizar el desarrollo en cada \u00e1rea en el nivel f\u00edsico, intelectual y emocional, se trabaja en forma individual y grupal, para lo cual se cuenta con el material y espacio adecuado.<\/span><\/div><\/div><\/div>[vc_empty_space height=&#8221;42px&#8221;][vc_custom_heading text=&#8221;Servicios diagn\u00f3sticos&#8221; use_theme_fonts=&#8221;yes&#8221;][vc_row_inner css=&#8221;.vc_custom_1537459370936{background-color: #f3f9fd !important;}&#8221;][vc_column_inner width=&#8221;1\/3&#8243; css=&#8221;.vc_custom_1537446287430{background-color: #f3f9fd !important;}&#8221;][vc_column_text css_animation=&#8221;none&#8221; css=&#8221;.vc_custom_1537459221092{margin-top: 0px !important;margin-bottom: 0px !important;padding-top: 0px !important;padding-bottom: 20px !important;}&#8221;]<\/p>\n<h6><strong><img loading=\"lazy\" decoding=\"async\" class=\"alignnone size-full wp-image-8423\" src=\"https:\/\/cnpp.org.mx\/wp-content\/uploads\/2018\/09\/8153746.png\" alt=\"\" width=\"24\" height=\"24\" \/>\u00a0Evaluaci\u00f3n Psicopedag\u00f3gica<\/strong><\/h6>\n<h6><strong><img loading=\"lazy\" decoding=\"async\" class=\"alignnone size-full wp-image-8423\" src=\"https:\/\/cnpp.org.mx\/wp-content\/uploads\/2018\/09\/8153746.png\" alt=\"\" width=\"24\" height=\"24\" \/> Evaluaci\u00f3n de Lenguaje<\/strong><\/h6>\n<h6><strong><img loading=\"lazy\" decoding=\"async\" class=\"alignnone size-full wp-image-8423\" src=\"https:\/\/cnpp.org.mx\/wp-content\/uploads\/2018\/09\/8153746.png\" alt=\"\" width=\"24\" height=\"24\" \/> Evaluaci\u00f3n de Aprendizaje<\/strong><\/h6>\n<h6><strong><img loading=\"lazy\" decoding=\"async\" class=\"alignnone size-full wp-image-8423\" src=\"https:\/\/cnpp.org.mx\/wp-content\/uploads\/2018\/09\/8153746.png\" alt=\"\" width=\"24\" height=\"24\" \/> Evaluaci\u00f3n de Orientaci\u00f3n Vocacional<\/strong><\/h6>\n<h6><strong><img loading=\"lazy\" decoding=\"async\" class=\"alignnone size-full wp-image-8423\" src=\"https:\/\/cnpp.org.mx\/wp-content\/uploads\/2018\/09\/8153746.png\" alt=\"\" width=\"24\" height=\"24\" \/> Evaluaci\u00f3n emocional<\/strong><\/h6>\n<p>[\/vc_column_text][\/vc_column_inner][vc_column_inner width=&#8221;1\/3&#8243; css=&#8221;.vc_custom_1537446311628{background-color: #f3f9fd !important;}&#8221;][vc_column_text css_animation=&#8221;none&#8221; css=&#8221;.vc_custom_1537459329929{margin-top: 0px !important;margin-bottom: 0px !important;padding-top: 0px !important;padding-bottom: 20px !important;}&#8221;]<\/p>\n<h6><img loading=\"lazy\" decoding=\"async\" class=\"alignnone size-full wp-image-8423\" src=\"https:\/\/cnpp.org.mx\/wp-content\/uploads\/2018\/09\/8153746.png\" alt=\"\" width=\"24\" height=\"24\" \/><strong>\u00a0Evaluaci\u00f3n Neuropsicol\u00f3gica\u00a0<\/strong><\/h6>\n<h6><strong><img loading=\"lazy\" decoding=\"async\" class=\"alignnone size-full wp-image-8423\" src=\"https:\/\/cnpp.org.mx\/wp-content\/uploads\/2018\/09\/8153746.png\" alt=\"\" width=\"24\" height=\"24\" \/> <span style=\"font-size: medium;\">Evaluaci\u00f3n de Desarrollo\u00a0<\/span><\/strong><\/h6>\n<h6><strong><img loading=\"lazy\" decoding=\"async\" class=\"alignnone size-full wp-image-8423\" src=\"https:\/\/cnpp.org.mx\/wp-content\/uploads\/2018\/09\/8153746.png\" alt=\"\" width=\"24\" height=\"24\" \/> <span style=\"font-size: medium;\">Evaluaci\u00f3n emocional<\/span><\/strong><\/h6>\n<h4><\/h4>\n<p>[\/vc_column_text][\/vc_column_inner][vc_column_inner width=&#8221;1\/3&#8243; css=&#8221;.vc_custom_1537459480158{background-color: #f3f9fd !important;}&#8221;][vc_column_text css_animation=&#8221;none&#8221; css=&#8221;.vc_custom_1537459456670{margin-top: 0px !important;margin-bottom: 0px !important;padding-top: 0px !important;padding-bottom: 20px !important;}&#8221;]<\/p>\n<h4>Servicios Cl\u00ednicos<\/h4>\n<h6><\/h6>\n<h6><img loading=\"lazy\" decoding=\"async\" class=\"alignnone wp-image-8423\" src=\"https:\/\/cnpp.org.mx\/wp-content\/uploads\/2018\/09\/8153746.png\" alt=\"\" width=\"24\" height=\"24\" \/><strong>\u00a0Psicoterapia individual y de grupo<\/strong><\/h6>\n<h6><strong><img loading=\"lazy\" decoding=\"async\" class=\"alignnone size-full wp-image-8423\" src=\"https:\/\/cnpp.org.mx\/wp-content\/uploads\/2018\/09\/8153746.png\" alt=\"\" width=\"24\" height=\"24\" \/> Orientaci\u00f3n Familiar<span style=\"font-size: medium;\">\u00a0<\/span><\/strong><\/h6>\n<h6><\/h6>\n<h4><\/h4>\n<p>[\/vc_column_text][\/vc_column_inner][\/vc_row_inner][vc_empty_space][vc_empty_space][\/vc_column][vc_column width=&#8221;5\/12&#8243; css=&#8221;.vc_custom_1531893806780{padding-left: 20px !important;}&#8221; offset=&#8221;vc_col-lg-4 vc_col-md-4 vc_col-xs-12&#8243;][vc_row_inner css=&#8221;.vc_custom_1532164808767{margin-top: 0px !important;margin-bottom: 0px !important;border-top-width: 1px !important;border-right-width: 1px !important;border-bottom-width: 1px !important;border-left-width: 1px !important;padding-top: 0px !important;padding-right: 0px !important;padding-bottom: 0px !important;padding-left: 0px !important;border-left-color: #dfeaf2 !important;border-left-style: solid !important;border-right-color: #dfeaf2 !important;border-right-style: solid !important;border-top-color: #dfeaf2 !important;border-top-style: solid !important;border-bottom-color: #dfeaf2 !important;border-bottom-style: solid !important;}&#8221;][vc_column_inner css=&#8221;.vc_custom_1531733996221{margin-top: 0px !important;margin-bottom: 0px !important;padding-top: 0px !important;padding-right: 0px !important;padding-bottom: 0px !important;padding-left: 0px !important;}&#8221;][vc_custom_heading text=&#8221;Todos los servicios&#8221; font_container=&#8221;tag:h3|font_size:18px|text_align:left|color:%232b2b2b|line_height:24px&#8221; use_theme_fonts=&#8221;yes&#8221; css=&#8221;.vc_custom_1537281315800{margin-top: 0px !important;margin-bottom: 0px !important;padding-top: 18px !important;padding-right: 17px !important;padding-bottom: 18px !important;padding-left: 28px !important;}&#8221; el_class=&#8221;font-weight-bold&#8221;]<!-- radiantthemes-custom-menu --><div class=\"radiantthemes-custom-menu element-one rt1962843366 vertical-menu\"    ><ul id=\"menu-servicios\" class=\"menu rt-mega-menu-transition-default\"><li id=\"menu-item-8130\" class=\"menu-item menu-item-type-post_type menu-item-object-page menu-flyout rt-mega-menu-hover item-8130\"><a  href=\"https:\/\/cnpp.org.mx\/index.php\/neurologia-3\/\">Neurolog\u00eda<\/a><\/li>\n<li id=\"menu-item-8436\" class=\"menu-item menu-item-type-post_type menu-item-object-page menu-flyout rt-mega-menu-hover item-8436\"><a  href=\"https:\/\/cnpp.org.mx\/index.php\/neurofisiologia\/\">Neurofisiolog\u00eda Cl\u00ednica<\/a><\/li>\n<li id=\"menu-item-8435\" class=\"menu-item menu-item-type-post_type menu-item-object-page menu-flyout rt-mega-menu-hover item-8435\"><a  href=\"https:\/\/cnpp.org.mx\/index.php\/psiquiatria\/\">Psiquiatr\u00eda<\/a><\/li>\n<li id=\"menu-item-8434\" class=\"menu-item menu-item-type-post_type menu-item-object-page menu-flyout rt-mega-menu-hover item-8434\"><a  href=\"https:\/\/cnpp.org.mx\/index.php\/psicologia\/\">Psicolog\u00eda<\/a><\/li>\n<li id=\"menu-item-8483\" class=\"menu-item menu-item-type-post_type menu-item-object-page menu-flyout rt-mega-menu-hover item-8483\"><a  href=\"https:\/\/cnpp.org.mx\/index.php\/psicopedagogia\/\">Psicopedagog\u00eda<\/a><\/li>\n<li id=\"menu-item-8482\" class=\"menu-item menu-item-type-post_type menu-item-object-page menu-flyout rt-mega-menu-hover item-8482\"><a  href=\"https:\/\/cnpp.org.mx\/index.php\/neurofeedback\/\">Neurofeedback<\/a><\/li>\n<li id=\"menu-item-8498\" class=\"menu-item menu-item-type-post_type menu-item-object-page menu-flyout rt-mega-menu-hover item-8498\"><a  href=\"https:\/\/cnpp.org.mx\/index.php\/trastornos-del-dormir\/\">Trastornos del dormir<\/a><\/li>\n<\/ul><\/div>\r<!-- radiantthemes-custom-menu -->\r[\/vc_column_inner][\/vc_row_inner][vc_row_inner css=&#8221;.vc_custom_1531735838589{margin-top: 28px !important;margin-bottom: 0px !important;padding-top: 0px !important;padding-right: 0px !important;padding-bottom: 0px !important;padding-left: 0px !important;}&#8221;][vc_column_inner css=&#8221;.vc_custom_1532165181998{margin-top: 0px !important;margin-bottom: 0px !important;border-top-width: 1px !important;border-right-width: 1px !important;border-bottom-width: 1px !important;border-left-width: 1px !important;padding-top: 20px !important;padding-right: 26px !important;padding-bottom: 14px !important;padding-left: 26px !important;background-color: #f3f9fd !important;background-position: center !important;background-repeat: no-repeat !important;background-size: cover !important;border-left-color: #dfeaf2 !important;border-left-style: solid !important;border-right-color: #dfeaf2 !important;border-right-style: solid !important;border-top-color: #dfeaf2 !important;border-top-style: solid !important;border-bottom-color: #dfeaf2 !important;border-bottom-style: solid !important;}&#8221;][vc_custom_heading text=&#8221;Horario&#8221; font_container=&#8221;tag:h3|font_size:18px|text_align:left|color:%232d2d2d|line_height:24px&#8221; use_theme_fonts=&#8221;yes&#8221; css=&#8221;.vc_custom_1537281347263{margin-top: 0px !important;margin-bottom: 0px !important;padding-top: 0px !important;padding-bottom: 0px !important;}&#8221; el_class=&#8221;font-weight-bold&#8221;][vc_raw_html css=&#8221;.vc_custom_1537281469564{margin-top: 20px !important;margin-bottom: 0px !important;padding-top: 0px !important;padding-bottom: 0px !important;}&#8221;]JTNDdGFibGUlMjBjbGFzcyUzRCUyMnRhYmxlJTIyJTIwJTNFJTBBJTA5JTNDdGJvZHklM0UlM0N0ciUzRSUwQSUwOSUwOSUzQ3RkJTNFTHVuZXMlMjBhJTIwVmllcm5lcyUzQyUyRnRkJTNFJTBBJTA5JTA5JTNDdGQlMjBjbGFzcyUzRCUyMnRleHQtcmlnaHQlMjIlM0U5JTNBMDAlMjBhbSUyMC0lMjA4JTNBMDAlMjBwbSUzQyUyRnRkJTNFJTBBJTA5JTNDJTJGdHIlM0UlMEElMDklM0N0ciUzRSUwQSUwOSUwOSUzQ3RkJTNFUyVDMyVBMWJhZG9zJTNDJTJGdGQlM0UlMEElMDklMDklM0N0ZCUyMGNsYXNzJTNEJTIydGV4dC1yaWdodCUyMiUzRTEwJTNBMDAlMjBhbSUyMC0xJTNBMzAlMjBwbSUzQyUyRnRkJTNFJTBBJTA5JTNDJTJGdHIlM0UlMEElMDklMEElM0MlMkZ0Ym9keSUzRSUzQyUyRnRhYmxlJTNFJTBB[\/vc_raw_html][\/vc_column_inner][\/vc_row_inner][vc_row_inner css=&#8221;.vc_custom_1532165353791{margin-top: 28px !important;margin-bottom: 0px !important;padding-top: 0px !important;padding-right: 0px !important;padding-bottom: 0px !important;padding-left: 0px !important;}&#8221;][vc_column_inner css=&#8221;.vc_custom_1532165336846{margin-top: 0px !important;margin-bottom: 0px !important;border-top-width: 1px !important;border-right-width: 1px !important;border-bottom-width: 1px !important;border-left-width: 1px !important;padding-top: 20px !important;padding-right: 25px !important;padding-bottom: 25px !important;padding-left: 25px !important;border-left-color: #dfeaf2 !important;border-left-style: solid !important;border-right-color: #dfeaf2 !important;border-right-style: solid !important;border-top-color: #dfeaf2 !important;border-top-style: solid !important;border-bottom-color: #dfeaf2 !important;border-bottom-style: solid !important;}&#8221;][vc_custom_heading text=&#8221;Cont\u00e1ctanos&#8221; font_container=&#8221;tag:h3|font_size:18px|text_align:left|color:%232b2b2b|line_height:24px&#8221; use_theme_fonts=&#8221;yes&#8221; css=&#8221;.vc_custom_1537281623228{margin-top: 0px !important;margin-bottom: 0px !important;padding-top: 0px !important;padding-right: 0px !important;padding-bottom: 20px !important;padding-left: 0px !important;}&#8221; el_class=&#8221;font-weight-bold&#8221;][vc_custom_heading text=&#8221;Tienes dudas o quieres una valoraci\u00f3n. Escr\u00edbenos.&#8221; font_container=&#8221;tag:p|font_size:15px|text_align:left|color:%23434343|line_height:26px&#8221; use_theme_fonts=&#8221;yes&#8221; css_animation=&#8221;none&#8221; css=&#8221;.vc_custom_1537281866664{margin-top: 0px !important;margin-bottom: 18px !important;padding-top: 0px !important;padding-bottom: 0px !important;}&#8221;]\r<!-- rt-cf7 -->\r<div class=\"radiant-contact-form rt3686db88a35f059 element-one \"  >\n<div class=\"wpcf7 no-js\" id=\"wpcf7-f7280-o1\" lang=\"en-US\" dir=\"ltr\" data-wpcf7-id=\"7280\">\n<div class=\"screen-reader-response\"><p role=\"status\" aria-live=\"polite\" aria-atomic=\"true\"><\/p> <ul><\/ul><\/div>\n<form action=\"\/index.php\/wp-json\/wp\/v2\/pages\/8441#wpcf7-f7280-o1\" method=\"post\" class=\"wpcf7-form init\" aria-label=\"Contact form\" novalidate=\"novalidate\" data-status=\"init\">\n<fieldset class=\"hidden-fields-container\"><input type=\"hidden\" name=\"_wpcf7\" value=\"7280\" \/><input type=\"hidden\" name=\"_wpcf7_version\" value=\"6.1.5\" \/><input type=\"hidden\" name=\"_wpcf7_locale\" value=\"en_US\" \/><input type=\"hidden\" name=\"_wpcf7_unit_tag\" value=\"wpcf7-f7280-o1\" \/><input type=\"hidden\" name=\"_wpcf7_container_post\" value=\"0\" \/><input type=\"hidden\" name=\"_wpcf7_posted_data_hash\" value=\"\" \/>\n<\/fieldset>\n<div class=\"row\">\n\t<div class=\"col-lg-6 col-md-6 col-sm-12 col-xs-12\">\n\t\t<div class=\"form-row\">\n\t\t\t<p><span class=\"wpcf7-form-control-wrap\" data-name=\"Name\"><input size=\"40\" maxlength=\"400\" class=\"wpcf7-form-control wpcf7-text wpcf7-validates-as-required\" aria-required=\"true\" aria-invalid=\"false\" placeholder=\"Nombre*:\" value=\"\" type=\"text\" name=\"Name\" \/><\/span>\n\t\t\t<\/p>\n\t\t<\/div>\n\t<\/div>\n\t<div class=\"col-lg-6 col-md-6 col-sm-12 col-xs-12\">\n\t\t<div class=\"form-row\">\n\t\t\t<p><span class=\"wpcf7-form-control-wrap\" data-name=\"email\"><input size=\"40\" maxlength=\"400\" class=\"wpcf7-form-control wpcf7-email wpcf7-validates-as-required wpcf7-text wpcf7-validates-as-email\" aria-required=\"true\" aria-invalid=\"false\" placeholder=\"E-mail*:\" value=\"\" type=\"email\" name=\"email\" \/><\/span>\n\t\t\t<\/p>\n\t\t<\/div>\n\t<\/div>\n\t<div class=\"col-lg-6 col-md-6 col-sm-12 col-xs-12\">\n\t\t<div class=\"form-row\">\n\t\t\t<p><span class=\"wpcf7-form-control-wrap\" data-name=\"YourPhone\"><input size=\"40\" maxlength=\"400\" class=\"wpcf7-form-control wpcf7-tel wpcf7-text wpcf7-validates-as-tel\" aria-invalid=\"false\" placeholder=\"Tel\u00e9fono*:\" value=\"\" type=\"tel\" name=\"YourPhone\" \/><\/span>\n\t\t\t<\/p>\n\t\t<\/div>\n\t<\/div>\n\t<div class=\"col-lg-6 col-md-6 col-sm-12 col-xs-12\">\n\t\t<div class=\"form-row\">\n\t\t\t<p><span class=\"wpcf7-form-control-wrap\" data-name=\"subject\"><input size=\"40\" maxlength=\"400\" class=\"wpcf7-form-control wpcf7-text\" aria-invalid=\"false\" placeholder=\"Asunto:\" value=\"\" type=\"text\" name=\"subject\" \/><\/span>\n\t\t\t<\/p>\n\t\t<\/div>\n\t<\/div>\n\t<div class=\"col-lg-12 col-md-12 col-sm-12 col-xs-12\">\n\t\t<div class=\"form-row \">\n\t\t\t<p><span class=\"wpcf7-form-control-wrap\" data-name=\"message\"><textarea cols=\"40\" rows=\"10\" maxlength=\"2000\" class=\"wpcf7-form-control wpcf7-textarea\" aria-invalid=\"false\" placeholder=\"Mensaje:\" name=\"message\"><\/textarea><\/span>\n\t\t\t<\/p>\n\t\t<\/div>\n\t<\/div>\n\t<div class=\"col-lg-12 col-md-12 col-sm-12 col-xs-12\">\n\t\t<div class=\"form-row last text-center\">\n\t\t\t<p><input class=\"wpcf7-form-control wpcf7-submit has-spinner custom-btn-submit2\" type=\"submit\" value=\"Enviar\" \/>\n\t\t\t<\/p>\n\t\t<\/div>\n\t<\/div>\n<\/div><p style=\"display: none !important;\" class=\"akismet-fields-container\" data-prefix=\"_wpcf7_ak_\"><label>&#916;<textarea name=\"_wpcf7_ak_hp_textarea\" cols=\"45\" rows=\"8\" maxlength=\"100\"><\/textarea><\/label><input type=\"hidden\" id=\"ak_js_1\" name=\"_wpcf7_ak_js\" value=\"132\"\/><script>document.getElementById( \"ak_js_1\" ).setAttribute( \"value\", ( new Date() ).getTime() );<\/script><\/p><div class=\"wpcf7-response-output\" aria-hidden=\"true\"><\/div>\n<\/form>\n<\/div>\n<div class=\"clearfix\"><\/div><\/div><!-- rt-cf7 -->\r[\/vc_column_inner][\/vc_row_inner][\/vc_column][\/vc_row][\/vc_section]<\/p>\n","protected":false},"excerpt":{"rendered":"<p>[vc_section full_width=&#8221;stretch_row&#8221; css=&#8221;.vc_custom_1531383666095{margin-top: 0px !important;margin-bottom: 0px !important;padding-top: 0px !important;padding-bottom: 0px !important;background-position: 0 0 !important;background-repeat: no-repeat !important;}&#8221;][vc_row full_width=&#8221;stretch_row_content_no_spaces&#8221;][vc_column][rev_slider_vc alias=&#8221;psicopedagogia&#8221;][\/vc_column][\/vc_row][vc_row full_width=&#8221;stretch_row&#8221; equal_height=&#8221;yes&#8221; content_placement=&#8221;middle&#8221; el_class=&#8221;background-position-left-top&#8221; css=&#8221;.vc_custom_1532168119330{margin-top: 0px !important;margin-bottom: 0px !important;padding-top: 82px !important;padding-bottom: 48px !important;background-position: 0 0 !important;background-repeat: no-repeat !important;}&#8221;][vc_column width=&#8221;1\/2&#8243; css=&#8221;.vc_custom_1531387745299{margin-top: 0px !important;margin-bottom: 0px !important;padding-top: 0px !important;padding-bottom: 0px !important;}&#8221;][vc_single_image image=&#8221;8496&#8243; img_size=&#8221;full&#8221; css=&#8221;.vc_custom_1537469953085{margin-top: 0px !important;margin-bottom: 15px !important;padding-top: 0px !important;padding-bottom: [&hellip;]<\/p>\n","protected":false},"author":1,"featured_media":0,"parent":0,"menu_order":0,"comment_status":"closed","ping_status":"closed","template":"","meta":{"footnotes":""},"class_list":["post-8441","page","type-page","status-publish","hentry"],"_links":{"self":[{"href":"https:\/\/cnpp.org.mx\/index.php\/wp-json\/wp\/v2\/pages\/8441","targetHints":{"allow":["GET"]}}],"collection":[{"href":"https:\/\/cnpp.org.mx\/index.php\/wp-json\/wp\/v2\/pages"}],"about":[{"href":"https:\/\/cnpp.org.mx\/index.php\/wp-json\/wp\/v2\/types\/page"}],"author":[{"embeddable":true,"href":"https:\/\/cnpp.org.mx\/index.php\/wp-json\/wp\/v2\/users\/1"}],"replies":[{"embeddable":true,"href":"https:\/\/cnpp.org.mx\/index.php\/wp-json\/wp\/v2\/comments?post=8441"}],"version-history":[{"count":20,"href":"https:\/\/cnpp.org.mx\/index.php\/wp-json\/wp\/v2\/pages\/8441\/revisions"}],"predecessor-version":[{"id":8657,"href":"https:\/\/cnpp.org.mx\/index.php\/wp-json\/wp\/v2\/pages\/8441\/revisions\/8657"}],"wp:attachment":[{"href":"https:\/\/cnpp.org.mx\/index.php\/wp-json\/wp\/v2\/media?parent=8441"}],"curies":[{"name":"wp","href":"https:\/\/api.w.org\/{rel}","templated":true}]}}