{"id":8578,"date":"2018-09-27T06:39:07","date_gmt":"2018-09-27T12:39:07","guid":{"rendered":"https:\/\/cnpp.org.mx\/?page_id=8578"},"modified":"2018-12-10T13:57:21","modified_gmt":"2018-12-10T19:57:21","slug":"deterioro-mental","status":"publish","type":"page","link":"https:\/\/cnpp.org.mx\/index.php\/deterioro-mental\/","title":{"rendered":"Deterioro mental"},"content":{"rendered":"<p>[vc_section full_width=&#8221;stretch_row&#8221; css=&#8221;.vc_custom_1531383666095{margin-top: 0px !important;margin-bottom: 0px !important;padding-top: 0px !important;padding-bottom: 0px !important;background-position: 0 0 !important;background-repeat: no-repeat !important;}&#8221;][vc_row full_width=&#8221;stretch_row&#8221; equal_height=&#8221;yes&#8221; content_placement=&#8221;middle&#8221; el_class=&#8221;background-position-left-top&#8221; css=&#8221;.vc_custom_1532168119330{margin-top: 0px !important;margin-bottom: 0px !important;padding-top: 82px !important;padding-bottom: 48px !important;background-position: 0 0 !important;background-repeat: no-repeat !important;}&#8221;][vc_column width=&#8221;1\/2&#8243; css=&#8221;.vc_custom_1531387745299{margin-top: 0px !important;margin-bottom: 0px !important;padding-top: 0px !important;padding-bottom: 0px !important;}&#8221;][vc_single_image image=&#8221;8559&#8243; img_size=&#8221;full&#8221; css=&#8221;.vc_custom_1538051970729{margin-top: 0px !important;margin-bottom: 15px !important;padding-top: 0px !important;padding-bottom: 0px !important;}&#8221; el_class=&#8221;full-width-image&#8221;][\/vc_column][vc_column width=&#8221;1\/2&#8243; css=&#8221;.vc_custom_1531379255494{margin-top: 0px !important;margin-bottom: 0px !important;padding-top: 0px !important;padding-right: 30px !important;padding-bottom: 0px !important;padding-left: 30px !important;}&#8221;][vc_empty_space][vc_empty_space][vc_empty_space][vc_empty_space][vc_custom_heading text=&#8221;Deterioro cognitivo&#8221; font_container=&#8221;tag:h2|text_align:left|color:%2302466f|line_height:25px&#8221; use_theme_fonts=&#8221;yes&#8221; css_animation=&#8221;none&#8221; el_class=&#8221;font-weight-semibold&#8221; css=&#8221;.vc_custom_1544471838288{margin-top: 0px !important;margin-bottom: 0px !important;padding-top: 0px !important;padding-bottom: 18px !important;}&#8221;][vc_column_text css_animation=&#8221;none&#8221; css=&#8221;.vc_custom_1542199682001{margin-top: 0px !important;margin-bottom: 0px !important;padding-top: 0px !important;padding-bottom: 20px !important;}&#8221;]Presentas o conoces a alguien que presente:<\/p>\n<p>&nbsp;<\/p>\n<p><img loading=\"lazy\" decoding=\"async\" class=\"alignnone size-full wp-image-8423\" src=\"https:\/\/cnpp.org.mx\/wp-content\/uploads\/2018\/09\/8153746.png\" alt=\"\" width=\"24\" height=\"24\" \/>\u00a0P\u00e9rdida de memoria.<\/p>\n<p><img loading=\"lazy\" decoding=\"async\" class=\"alignnone size-full wp-image-8423\" src=\"https:\/\/cnpp.org.mx\/wp-content\/uploads\/2018\/09\/8153746.png\" alt=\"\" width=\"24\" height=\"24\" \/>\u00a0Dificultad para realizar las tareas habituales.<\/p>\n<p><img loading=\"lazy\" decoding=\"async\" class=\"alignnone size-full wp-image-8423\" src=\"https:\/\/cnpp.org.mx\/wp-content\/uploads\/2018\/09\/8153746.png\" alt=\"\" width=\"24\" height=\"24\" \/>\u00a0Desorientaci\u00f3n.<\/p>\n<p>&nbsp;<\/p>\n<p>Estos signos pueden ser el inicio del deterioro en las funciones mentales, o deterioro cognitivo leve, o el inicio de la enfermedad de Alzheimer<\/p>\n<p>Atenderte pronto es importante para poder intervenir oportunamente.<\/p>\n<p>&nbsp;<\/p>\n<p>&nbsp;<\/p>\n<p>\u00bfCu\u00e1les son los s\u00edntomas?<\/p>\n<p>El cerebro, al igual que el resto del cuerpo, cambia a medida que envejeces. Muchas personas notan que la falta de memoria aumenta progresivamente con la edad. Puede llevar m\u00e1s tiempo acordarse de una palabra o del nombre de una persona.<\/p>\n<h1><\/h1>\n<p>[\/vc_column_text][vc_column_text css_animation=&#8221;none&#8221; css=&#8221;.vc_custom_1542199618160{margin-top: 0px !important;margin-bottom: 0px !important;padding-top: 0px !important;padding-bottom: 20px !important;}&#8221;][\/vc_column_text][\/vc_column][\/vc_row][vc_row][vc_column][vc_custom_heading text=&#8221;Los problemas cognitivos pueden avanzar m\u00e1s de lo esperado e indicar un posible deterioro, si experimentas alguna de las siguientes situaciones o todas:&#8221; font_container=&#8221;tag:h4|text_align:left|color:%2302466f|line_height:25px&#8221; use_theme_fonts=&#8221;yes&#8221; css_animation=&#8221;none&#8221; el_class=&#8221;font-weight-semibold&#8221; css=&#8221;.vc_custom_1542199730820{margin-top: 0px !important;margin-bottom: 0px !important;padding-top: 0px !important;padding-bottom: 18px !important;}&#8221;][vc_column_text]<img loading=\"lazy\" decoding=\"async\" class=\"alignnone size-full wp-image-8423\" src=\"https:\/\/cnpp.org.mx\/wp-content\/uploads\/2018\/09\/8153746.png\" alt=\"\" width=\"24\" height=\"24\" \/>\u00a0Te olvidas de las cosas con m\u00e1s frecuencia.<\/p>\n<p><img loading=\"lazy\" decoding=\"async\" class=\"alignnone size-full wp-image-8423\" src=\"https:\/\/cnpp.org.mx\/wp-content\/uploads\/2018\/09\/8153746.png\" alt=\"\" width=\"24\" height=\"24\" \/>\u00a0Te olvidas de eventos importantes, como una consulta o un compromiso social.<\/p>\n<p><img loading=\"lazy\" decoding=\"async\" class=\"alignnone size-full wp-image-8423\" src=\"https:\/\/cnpp.org.mx\/wp-content\/uploads\/2018\/09\/8153746.png\" alt=\"\" width=\"24\" height=\"24\" \/>\u00a0Pierdes la l\u00ednea de pensamiento o la secuencia de una conversaci\u00f3n, de libros o de pel\u00edculas.<\/p>\n<p><img loading=\"lazy\" decoding=\"async\" class=\"alignnone size-full wp-image-8423\" src=\"https:\/\/cnpp.org.mx\/wp-content\/uploads\/2018\/09\/8153746.png\" alt=\"\" width=\"24\" height=\"24\" \/>\u00a0Te sientes cada vez m\u00e1s desbordado al tomar decisiones, planificar los pasos para completar una tarea o interpretar instrucciones.<\/p>\n<p><img loading=\"lazy\" decoding=\"async\" class=\"alignnone size-full wp-image-8423\" src=\"https:\/\/cnpp.org.mx\/wp-content\/uploads\/2018\/09\/8153746.png\" alt=\"\" width=\"24\" height=\"24\" \/>\u00a0Comienzas a tener problemas para encontrar el camino hacia lugares conocidos.<\/p>\n<p><img loading=\"lazy\" decoding=\"async\" class=\"alignnone size-full wp-image-8423\" src=\"https:\/\/cnpp.org.mx\/wp-content\/uploads\/2018\/09\/8153746.png\" alt=\"\" width=\"24\" height=\"24\" \/>\u00a0Te vuelves m\u00e1s impulsivo o cada vez demuestras menos sentido com\u00fan.<\/p>\n<p><img loading=\"lazy\" decoding=\"async\" class=\"alignnone size-full wp-image-8423\" src=\"https:\/\/cnpp.org.mx\/wp-content\/uploads\/2018\/09\/8153746.png\" alt=\"\" width=\"24\" height=\"24\" \/>\u00a0Tu familia y tus amigos notan cualquiera de estos cambios.[\/vc_column_text][\/vc_column][\/vc_row][vc_row][vc_column][vc_column_text]Adem\u00e1s, de notar cierta p\u00e9rdida en tu habilidad mental, tambi\u00e9n podr\u00edas experimentar lo siguiente:[\/vc_column_text][vc_column_text]<img loading=\"lazy\" decoding=\"async\" class=\"alignnone size-full wp-image-8423\" src=\"https:\/\/cnpp.org.mx\/wp-content\/uploads\/2018\/09\/8153746.png\" alt=\"\" width=\"24\" height=\"24\" \/>\u00a0Depresi\u00f3n.<\/p>\n<p><img loading=\"lazy\" decoding=\"async\" class=\"alignnone size-full wp-image-8423\" src=\"https:\/\/cnpp.org.mx\/wp-content\/uploads\/2018\/09\/8153746.png\" alt=\"\" width=\"24\" height=\"24\" \/>\u00a0Irritabilidad y agresi\u00f3n.<\/p>\n<p><img loading=\"lazy\" decoding=\"async\" class=\"alignnone size-full wp-image-8423\" src=\"https:\/\/cnpp.org.mx\/wp-content\/uploads\/2018\/09\/8153746.png\" alt=\"\" width=\"24\" height=\"24\" \/>\u00a0Ansiedad.<\/p>\n<p><img loading=\"lazy\" decoding=\"async\" class=\"alignnone size-full wp-image-8423\" src=\"https:\/\/cnpp.org.mx\/wp-content\/uploads\/2018\/09\/8153746.png\" alt=\"\" width=\"24\" height=\"24\" \/>\u00a0Apat\u00eda.[\/vc_column_text][\/vc_column][\/vc_row][\/vc_section][vc_row][vc_column][vc_custom_heading text=&#8221;Terapia&#8221; font_container=&#8221;tag:h4|text_align:left|color:%2302466f|line_height:25px&#8221; use_theme_fonts=&#8221;yes&#8221; css_animation=&#8221;none&#8221; el_class=&#8221;font-weight-semibold&#8221; css=&#8221;.vc_custom_1542200241849{margin-top: 0px !important;margin-bottom: 0px !important;padding-top: 0px !important;padding-bottom: 18px !important;}&#8221;][\/vc_column][\/vc_row][vc_row][vc_column][vc_custom_heading text=&#8221;Detecci\u00f3n temprana&#8221; font_container=&#8221;tag:h4|text_align:left|color:%2302466f|line_height:25px&#8221; use_theme_fonts=&#8221;yes&#8221; css_animation=&#8221;none&#8221; el_class=&#8221;font-weight-semibold&#8221; css=&#8221;.vc_custom_1542200055291{margin-top: 0px !important;margin-bottom: 0px !important;padding-top: 0px !important;padding-bottom: 18px !important;}&#8221;][\/vc_column][\/vc_row][vc_row][vc_column][vc_column_text]Aunque es cierto que los m\u00e9todos diagn\u00f3sticos m\u00e1s avanzados en la actualidad ofrecen un elevado grado de certeza, tambi\u00e9n es cierto que lo hacen una vez que la enfermedad est\u00e1 ya muy avanzada, y ya no es posible ninguna intervenci\u00f3n eficaz.<\/p>\n<p>En el CNPP nos enfocamos a la detecci\u00f3n temprana del deterioro cognitivo, realizando pruebas sensoriales y diversas evaluaciones, que nos permiten establecer si el cerebro del paciente ha entrado en un proceso de deterioro cognitivo, incluso antes de que las primeras fallas en la memoria se manifiesten en la persona.<\/p>\n<p>Lo anterior nos permite implementar diversas intervenciones encaminadas a disminuir significativamente la velocidad de progresi\u00f3n de la enfermedad, y con ello preservar lo m\u00e1s posible la integridad funcional de las capacidades mentales de la persona, as\u00ed como monitorear peri\u00f3dicamente la progresi\u00f3n del estado cognitivo del paciente.[\/vc_column_text][\/vc_column][\/vc_row][vc_row][vc_column][vc_column_text]Al paciente se le implementa el tratamiento m\u00e1s adecuado dependiendo del estado particular de deterioro de cada persona, incluyendo tratamiento farmacol\u00f3gico convencional, adem\u00e1s de la implementaci\u00f3n de tecnolog\u00eda y herramientas terap\u00e9uticas m\u00e1s recientes, que han mostrado aportar un beneficio a los pacientes con deterioro cognitivo.<\/p>\n<p>Realizamos monitoreo constante para evaluar la efectividad del proceso terap\u00e9utico y establecer la forma de tratamiento mas adecuada seg\u00fan la progresi\u00f3n de cada paciente.<\/p>\n<p>&nbsp;<\/p>\n<p>Si tienes sospecha de padecer deterioro cognitivo, no dejes pasar mas tiempo, acude con nosotros para una valoraci\u00f3n. <a href=\"https:\/\/cnpp.org.mx\/index.php\/contacto\/\">Cont\u00e1ctanos.<\/a>[\/vc_column_text][\/vc_column][\/vc_row]<\/p>\n","protected":false},"excerpt":{"rendered":"<p>[vc_section full_width=&#8221;stretch_row&#8221; css=&#8221;.vc_custom_1531383666095{margin-top: 0px !important;margin-bottom: 0px !important;padding-top: 0px !important;padding-bottom: 0px !important;background-position: 0 0 !important;background-repeat: no-repeat !important;}&#8221;][vc_row full_width=&#8221;stretch_row&#8221; equal_height=&#8221;yes&#8221; content_placement=&#8221;middle&#8221; el_class=&#8221;background-position-left-top&#8221; css=&#8221;.vc_custom_1532168119330{margin-top: 0px !important;margin-bottom: 0px !important;padding-top: 82px !important;padding-bottom: 48px !important;background-position: 0 0 !important;background-repeat: no-repeat !important;}&#8221;][vc_column width=&#8221;1\/2&#8243; css=&#8221;.vc_custom_1531387745299{margin-top: 0px !important;margin-bottom: 0px !important;padding-top: 0px !important;padding-bottom: 0px !important;}&#8221;][vc_single_image image=&#8221;8559&#8243; img_size=&#8221;full&#8221; css=&#8221;.vc_custom_1538051970729{margin-top: 0px !important;margin-bottom: 15px !important;padding-top: 0px !important;padding-bottom: 0px !important;}&#8221; [&hellip;]<\/p>\n","protected":false},"author":1,"featured_media":0,"parent":0,"menu_order":0,"comment_status":"closed","ping_status":"closed","template":"","meta":{"footnotes":""},"class_list":["post-8578","page","type-page","status-publish","hentry"],"_links":{"self":[{"href":"https:\/\/cnpp.org.mx\/index.php\/wp-json\/wp\/v2\/pages\/8578","targetHints":{"allow":["GET"]}}],"collection":[{"href":"https:\/\/cnpp.org.mx\/index.php\/wp-json\/wp\/v2\/pages"}],"about":[{"href":"https:\/\/cnpp.org.mx\/index.php\/wp-json\/wp\/v2\/types\/page"}],"author":[{"embeddable":true,"href":"https:\/\/cnpp.org.mx\/index.php\/wp-json\/wp\/v2\/users\/1"}],"replies":[{"embeddable":true,"href":"https:\/\/cnpp.org.mx\/index.php\/wp-json\/wp\/v2\/comments?post=8578"}],"version-history":[{"count":5,"href":"https:\/\/cnpp.org.mx\/index.php\/wp-json\/wp\/v2\/pages\/8578\/revisions"}],"predecessor-version":[{"id":8706,"href":"https:\/\/cnpp.org.mx\/index.php\/wp-json\/wp\/v2\/pages\/8578\/revisions\/8706"}],"wp:attachment":[{"href":"https:\/\/cnpp.org.mx\/index.php\/wp-json\/wp\/v2\/media?parent=8578"}],"curies":[{"name":"wp","href":"https:\/\/api.w.org\/{rel}","templated":true}]}}