{"id":8587,"date":"2018-09-27T07:07:35","date_gmt":"2018-09-27T13:07:35","guid":{"rendered":"https:\/\/cnpp.org.mx\/?page_id=8587"},"modified":"2018-12-10T15:38:53","modified_gmt":"2018-12-10T21:38:53","slug":"tda-y-tdah","status":"publish","type":"page","link":"https:\/\/cnpp.org.mx\/index.php\/tda-y-tdah\/","title":{"rendered":"Trastorno por d\u00e9ficit de atenci\u00f3n"},"content":{"rendered":"<p>[vc_section full_width=&#8221;stretch_row&#8221; css=&#8221;.vc_custom_1531383666095{margin-top: 0px !important;margin-bottom: 0px !important;padding-top: 0px !important;padding-bottom: 0px !important;background-position: 0 0 !important;background-repeat: no-repeat !important;}&#8221;][vc_row full_width=&#8221;stretch_row&#8221; equal_height=&#8221;yes&#8221; content_placement=&#8221;middle&#8221; el_class=&#8221;background-position-left-top&#8221; css=&#8221;.vc_custom_1532168119330{margin-top: 0px !important;margin-bottom: 0px !important;padding-top: 82px !important;padding-bottom: 48px !important;background-position: 0 0 !important;background-repeat: no-repeat !important;}&#8221;][vc_column css=&#8221;.vc_custom_1531387745299{margin-top: 0px !important;margin-bottom: 0px !important;padding-top: 0px !important;padding-bottom: 0px !important;}&#8221;][vc_empty_space][vc_empty_space][vc_empty_space][vc_custom_heading text=&#8221;Trastorno por d\u00e9ficit de atenci\u00f3n&#8221; font_container=&#8221;tag:h2|text_align:center|color:%2302466f|line_height:38px&#8221; use_theme_fonts=&#8221;yes&#8221; css_animation=&#8221;none&#8221; el_class=&#8221;font-weight-semibold&#8221; css=&#8221;.vc_custom_1544475001743{margin-top: 0px !important;margin-bottom: 0px !important;padding-top: 0px !important;padding-bottom: 18px !important;}&#8221;][vc_column_text css_animation=&#8221;none&#8221; css=&#8221;.vc_custom_1544474832362{margin-top: 0px !important;margin-bottom: 0px !important;padding-top: 0px !important;padding-bottom: 20px !important;}&#8221;]<\/p>\n<h4 style=\"text-align: center;\"><strong>El trastorno por d\u00e9ficit de atenci\u00f3n e hiperactividad (TDAH) es un problema del desarrollo neurol\u00f3gico que impide el sano desenvolvimiento de las capacidades de atenci\u00f3n y el autocontrol.<\/strong><\/h4>\n<p>&nbsp;<\/p>\n<h4 style=\"text-align: center;\"><strong>Es un padecimiento que se puede presentar con inquietud o sin ella. <\/strong><\/h4>\n<p>[\/vc_column_text][\/vc_column][\/vc_row][\/vc_section][vc_row][vc_column width=&#8221;1\/2&#8243;][vc_single_image image=&#8221;8700&#8243; img_size=&#8221;full&#8221; style=&#8221;vc_box_circle_2&#8243;][vc_custom_heading text=&#8221;Sin Hiperactividad&#8221; font_container=&#8221;tag:h3|text_align:left|color:%231e73be&#8221; use_theme_fonts=&#8221;yes&#8221;][vc_column_text]&nbsp;<\/p>\n<p><img loading=\"lazy\" decoding=\"async\" class=\"alignnone size-full wp-image-8423\" src=\"https:\/\/cnpp.org.mx\/wp-content\/uploads\/2018\/09\/8153746.png\" alt=\"\" width=\"24\" height=\"24\" \/>\u00a0\u00bfSe distrae con mucha facilidad?<\/p>\n<p><img loading=\"lazy\" decoding=\"async\" class=\"alignnone size-full wp-image-8423\" src=\"https:\/\/cnpp.org.mx\/wp-content\/uploads\/2018\/09\/8153746.png\" alt=\"\" width=\"24\" height=\"24\" \/>\u00a0\u00bfPresenta dificultad para organizarse?<\/p>\n<p><img loading=\"lazy\" decoding=\"async\" class=\"alignnone size-full wp-image-8423\" src=\"https:\/\/cnpp.org.mx\/wp-content\/uploads\/2018\/09\/8153746.png\" alt=\"\" width=\"24\" height=\"24\" \/>\u00a0\u00bfPierde objetos?<\/p>\n<p><img loading=\"lazy\" decoding=\"async\" class=\"alignnone size-full wp-image-8423\" src=\"https:\/\/cnpp.org.mx\/wp-content\/uploads\/2018\/09\/8153746.png\" alt=\"\" width=\"24\" height=\"24\" \/>\u00a0\u00bfLe cuesta trabajo seguir las instrucciones?<\/p>\n<p><img loading=\"lazy\" decoding=\"async\" class=\"alignnone size-full wp-image-8423\" src=\"https:\/\/cnpp.org.mx\/wp-content\/uploads\/2018\/09\/8153746.png\" alt=\"\" width=\"24\" height=\"24\" \/>\u00a0\u00bfSe le complica terminar sus deberes?[\/vc_column_text][\/vc_column][vc_column width=&#8221;1\/2&#8243;][vc_single_image image=&#8221;8701&#8243; img_size=&#8221;full&#8221; style=&#8221;vc_box_circle_2&#8243;][vc_custom_heading text=&#8221;Con Hiperactividad&#8221; font_container=&#8221;tag:h3|text_align:left|color:%231e73be&#8221; use_theme_fonts=&#8221;yes&#8221;][vc_column_text]&nbsp;<\/p>\n<p><img loading=\"lazy\" decoding=\"async\" class=\"alignnone size-full wp-image-8423\" src=\"https:\/\/cnpp.org.mx\/wp-content\/uploads\/2018\/09\/8153746.png\" alt=\"\" width=\"24\" height=\"24\" \/>\u00a0\u00bfNo termina lo que empieza?<br \/>\n<img loading=\"lazy\" decoding=\"async\" class=\"alignnone size-full wp-image-8423\" src=\"https:\/\/cnpp.org.mx\/wp-content\/uploads\/2018\/09\/8153746.png\" alt=\"\" width=\"24\" height=\"24\" \/>\u00a0\u00bfHabla en exceso?<br \/>\n<img loading=\"lazy\" decoding=\"async\" class=\"alignnone size-full wp-image-8423\" src=\"https:\/\/cnpp.org.mx\/wp-content\/uploads\/2018\/09\/8153746.png\" alt=\"\" width=\"24\" height=\"24\" \/>\u00a0\u00bfNo para de moverse (corre, salta, se retuerce en su lugar cuando est\u00e1 \u00a0 \u00a0 \u00a0 sentado, juega con el l\u00e1piz, la regla o incluso con sus dedos)?<br \/>\n<img loading=\"lazy\" decoding=\"async\" class=\"alignnone size-full wp-image-8423\" src=\"https:\/\/cnpp.org.mx\/wp-content\/uploads\/2018\/09\/8153746.png\" alt=\"\" width=\"24\" height=\"24\" \/>\u00a0\u00bfInterrumpe constantemente?<br \/>\n<img loading=\"lazy\" decoding=\"async\" class=\"alignnone size-full wp-image-8423\" src=\"https:\/\/cnpp.org.mx\/wp-content\/uploads\/2018\/09\/8153746.png\" alt=\"\" width=\"24\" height=\"24\" \/>\u00a0\u00bfMuestra dificultad para esperar turnos?<br \/>\n<img loading=\"lazy\" decoding=\"async\" class=\"alignnone size-full wp-image-8423\" src=\"https:\/\/cnpp.org.mx\/wp-content\/uploads\/2018\/09\/8153746.png\" alt=\"\" width=\"24\" height=\"24\" \/>\u00a0\u00bfSuele contestar antes de que se le hayan terminado de formular las preguntas?[\/vc_column_text][\/vc_column][\/vc_row][vc_row][vc_column][vc_column_text]Es importante se\u00f1alar que el TDAH no es la \u00fanica raz\u00f3n de mala conducta por lo que debemos descartar otros problemas como son los siguientes:<br \/>\n<strong>Ansiedad, dificultades de adaptaci\u00f3n, malestar emocional, t\u00e9cnicas inadecuadas de crianza, trastorno del espectro autista, discapacidad intelectual.<\/strong><\/p>\n<p>Muchos de estos problemas pueden coexistir juntos con el TDAH, en esos casos se deben abordar ambos.<br \/>\nPara un correcto diagn\u00f3stico del TDAH es necesario realizar una historia cl\u00ednica, la exploraci\u00f3n f\u00edsica, as\u00ed como estudios objetivos dentro de los cuales destaca el electroencefalograma. Es primordial conocer de manera integral al paciente para planear un tratamiento efectivo por lo cual tambi\u00e9n es aconsejable la aplicaci\u00f3n de pruebas que nos den a conocer su coeficiente intelectual, su estado neuropsicol\u00f3gico, sus capacidades visoespaciales y construccionales, su desempe\u00f1o acad\u00e9mico y su estado emocional entre otros datos.<br \/>\nEn la cl\u00ednica de TDAH el tratamiento se aborda de manera interdisciplinaria, se unen esfuerzos para apoyar al paciente. Para lograr una mayor eficacia en el tratamiento del ni\u00f1o, adolescente o adulto se contemplan las necesidades espec\u00edficas de cada individuo. El plan de intervenci\u00f3n puede incluir el tratamiento farmacol\u00f3gico, el trabajo con los padres, el trabajo con el paciente y el trabajo junto con el colegio.<br \/>\n<strong>Cont\u00e1ctanos<\/strong>[\/vc_column_text][\/vc_column][\/vc_row]<\/p>\n","protected":false},"excerpt":{"rendered":"<p>[vc_section full_width=&#8221;stretch_row&#8221; css=&#8221;.vc_custom_1531383666095{margin-top: 0px !important;margin-bottom: 0px !important;padding-top: 0px !important;padding-bottom: 0px !important;background-position: 0 0 !important;background-repeat: no-repeat !important;}&#8221;][vc_row full_width=&#8221;stretch_row&#8221; equal_height=&#8221;yes&#8221; content_placement=&#8221;middle&#8221; el_class=&#8221;background-position-left-top&#8221; css=&#8221;.vc_custom_1532168119330{margin-top: 0px !important;margin-bottom: 0px !important;padding-top: 82px !important;padding-bottom: 48px !important;background-position: 0 0 !important;background-repeat: no-repeat !important;}&#8221;][vc_column css=&#8221;.vc_custom_1531387745299{margin-top: 0px !important;margin-bottom: 0px !important;padding-top: 0px !important;padding-bottom: 0px !important;}&#8221;][vc_empty_space][vc_empty_space][vc_empty_space][vc_custom_heading text=&#8221;Trastorno por d\u00e9ficit de atenci\u00f3n&#8221; font_container=&#8221;tag:h2|text_align:center|color:%2302466f|line_height:38px&#8221; use_theme_fonts=&#8221;yes&#8221; css_animation=&#8221;none&#8221; el_class=&#8221;font-weight-semibold&#8221; css=&#8221;.vc_custom_1544475001743{margin-top: 0px !important;margin-bottom: [&hellip;]<\/p>\n","protected":false},"author":1,"featured_media":0,"parent":0,"menu_order":0,"comment_status":"closed","ping_status":"closed","template":"","meta":{"footnotes":""},"class_list":["post-8587","page","type-page","status-publish","hentry"],"_links":{"self":[{"href":"https:\/\/cnpp.org.mx\/index.php\/wp-json\/wp\/v2\/pages\/8587","targetHints":{"allow":["GET"]}}],"collection":[{"href":"https:\/\/cnpp.org.mx\/index.php\/wp-json\/wp\/v2\/pages"}],"about":[{"href":"https:\/\/cnpp.org.mx\/index.php\/wp-json\/wp\/v2\/types\/page"}],"author":[{"embeddable":true,"href":"https:\/\/cnpp.org.mx\/index.php\/wp-json\/wp\/v2\/users\/1"}],"replies":[{"embeddable":true,"href":"https:\/\/cnpp.org.mx\/index.php\/wp-json\/wp\/v2\/comments?post=8587"}],"version-history":[{"count":25,"href":"https:\/\/cnpp.org.mx\/index.php\/wp-json\/wp\/v2\/pages\/8587\/revisions"}],"predecessor-version":[{"id":8739,"href":"https:\/\/cnpp.org.mx\/index.php\/wp-json\/wp\/v2\/pages\/8587\/revisions\/8739"}],"wp:attachment":[{"href":"https:\/\/cnpp.org.mx\/index.php\/wp-json\/wp\/v2\/media?parent=8587"}],"curies":[{"name":"wp","href":"https:\/\/api.w.org\/{rel}","templated":true}]}}