{"id":8800,"date":"2019-02-25T10:24:58","date_gmt":"2019-02-25T16:24:58","guid":{"rendered":"https:\/\/cnpp.org.mx\/?page_id=8800"},"modified":"2019-03-03T20:38:43","modified_gmt":"2019-03-04T02:38:43","slug":"nashelli-anaya-rojas","status":"publish","type":"page","link":"https:\/\/cnpp.org.mx\/index.php\/nashelli-anaya-rojas\/","title":{"rendered":"Nashelli Anaya Rojas"},"content":{"rendered":"<p>[vc_row][vc_column][vc_empty_space][\/vc_column][\/vc_row][vc_row][vc_column][vc_empty_space][\/vc_column][\/vc_row][vc_row][vc_column width=&#8221;1\/2&#8243;][vc_empty_space height=&#8221;52px&#8221;][vc_empty_space height=&#8221;46px&#8221;][vc_single_image image=&#8221;8816&#8243; img_size=&#8221;full&#8221; alignment=&#8221;center&#8221;][\/vc_column][vc_column width=&#8221;1\/2&#8243;][vc_empty_space height=&#8221;52px&#8221;][vc_empty_space height=&#8221;48px&#8221;][vc_custom_heading text=&#8221;Nashelli Anaya Rojas&#8221; use_theme_fonts=&#8221;yes&#8221;][vc_custom_heading text=&#8221;Psicolog\u00eda cl\u00ednica&#8221; font_container=&#8221;tag:h5|text_align:left&#8221; use_theme_fonts=&#8221;yes&#8221;][vc_empty_space][vc_column_text]Psic\u00f3loga cl\u00ednica, graduada a trav\u00e9s del Proyecto para Optimizar la Ense\u00f1anza y Profesionalizaci\u00f3n del Psic\u00f3logo Cl\u00ednico (PAPIME) de la Facultad de Psicolog\u00eda de la U. N. A. M. Con 22 a\u00f1os de experiencia en el trabajo con ni\u00f1os y adolescentes que presentan problemas emocionales de la atenci\u00f3n y de la conducta.<\/p>\n<p>&nbsp;<\/p>\n<p>Se ocupa del diagn\u00f3stico psicopedag\u00f3gico, de la terapia individual y<br \/>\ngrupal de ni\u00f1os y adolescentes, as\u00ed como de la orientaci\u00f3n a padres.[\/vc_column_text][\/vc_column][\/vc_row]<\/p>\n","protected":false},"excerpt":{"rendered":"<p>[vc_row][vc_column][vc_empty_space][\/vc_column][\/vc_row][vc_row][vc_column][vc_empty_space][\/vc_column][\/vc_row][vc_row][vc_column width=&#8221;1\/2&#8243;][vc_empty_space height=&#8221;52px&#8221;][vc_empty_space height=&#8221;46px&#8221;][vc_single_image image=&#8221;8816&#8243; img_size=&#8221;full&#8221; alignment=&#8221;center&#8221;][\/vc_column][vc_column width=&#8221;1\/2&#8243;][vc_empty_space height=&#8221;52px&#8221;][vc_empty_space height=&#8221;48px&#8221;][vc_custom_heading text=&#8221;Nashelli Anaya Rojas&#8221; use_theme_fonts=&#8221;yes&#8221;][vc_custom_heading text=&#8221;Psicolog\u00eda cl\u00ednica&#8221; font_container=&#8221;tag:h5|text_align:left&#8221; use_theme_fonts=&#8221;yes&#8221;][vc_empty_space][vc_column_text]Psic\u00f3loga cl\u00ednica, graduada a trav\u00e9s del Proyecto para Optimizar la Ense\u00f1anza y Profesionalizaci\u00f3n del Psic\u00f3logo Cl\u00ednico (PAPIME) de la Facultad de Psicolog\u00eda de la U. N. A. M. Con 22 a\u00f1os de experiencia en el trabajo con ni\u00f1os [&hellip;]<\/p>\n","protected":false},"author":1,"featured_media":8795,"parent":0,"menu_order":0,"comment_status":"closed","ping_status":"closed","template":"","meta":{"footnotes":""},"class_list":["post-8800","page","type-page","status-publish","has-post-thumbnail","hentry"],"_links":{"self":[{"href":"https:\/\/cnpp.org.mx\/index.php\/wp-json\/wp\/v2\/pages\/8800","targetHints":{"allow":["GET"]}}],"collection":[{"href":"https:\/\/cnpp.org.mx\/index.php\/wp-json\/wp\/v2\/pages"}],"about":[{"href":"https:\/\/cnpp.org.mx\/index.php\/wp-json\/wp\/v2\/types\/page"}],"author":[{"embeddable":true,"href":"https:\/\/cnpp.org.mx\/index.php\/wp-json\/wp\/v2\/users\/1"}],"replies":[{"embeddable":true,"href":"https:\/\/cnpp.org.mx\/index.php\/wp-json\/wp\/v2\/comments?post=8800"}],"version-history":[{"count":5,"href":"https:\/\/cnpp.org.mx\/index.php\/wp-json\/wp\/v2\/pages\/8800\/revisions"}],"predecessor-version":[{"id":8819,"href":"https:\/\/cnpp.org.mx\/index.php\/wp-json\/wp\/v2\/pages\/8800\/revisions\/8819"}],"wp:featuredmedia":[{"embeddable":true,"href":"https:\/\/cnpp.org.mx\/index.php\/wp-json\/wp\/v2\/media\/8795"}],"wp:attachment":[{"href":"https:\/\/cnpp.org.mx\/index.php\/wp-json\/wp\/v2\/media?parent=8800"}],"curies":[{"name":"wp","href":"https:\/\/api.w.org\/{rel}","templated":true}]}}