{"id":8803,"date":"2019-02-25T10:36:19","date_gmt":"2019-02-25T16:36:19","guid":{"rendered":"https:\/\/cnpp.org.mx\/?page_id=8803"},"modified":"2019-03-03T20:30:20","modified_gmt":"2019-03-04T02:30:20","slug":"almudena-abella-morales","status":"publish","type":"page","link":"https:\/\/cnpp.org.mx\/index.php\/almudena-abella-morales\/","title":{"rendered":"Almudena Abella Morales"},"content":{"rendered":"<p>[vc_row][vc_column][vc_empty_space][\/vc_column][\/vc_row][vc_row][vc_column][vc_empty_space][\/vc_column][\/vc_row][vc_row][vc_column width=&#8221;1\/2&#8243;][vc_empty_space height=&#8221;52px&#8221;][vc_empty_space height=&#8221;48px&#8221;][vc_single_image image=&#8221;8805&#8243; img_size=&#8221;full&#8221; alignment=&#8221;center&#8221;][\/vc_column][vc_column width=&#8221;1\/2&#8243;][vc_empty_space height=&#8221;52px&#8221;][vc_empty_space height=&#8221;38px&#8221;][vc_custom_heading text=&#8221;Almudena Abella Morales&#8221; use_theme_fonts=&#8221;yes&#8221;][vc_custom_heading text=&#8221;Pedagog\u00eda&#8221; font_container=&#8221;tag:h5|text_align:left&#8221; use_theme_fonts=&#8221;yes&#8221;][vc_column_text]Realiz\u00f3 el grado de Pedagog\u00eda con especialidad educativa en la Universidad de las Islas Baleares.<br \/>\nCurs\u00f3 una maestr\u00eda de Psicolog\u00eda infantil y juvenil en la UOC y se especializ\u00f3 en Atenci\u00f3n Temprana con un posgrado.<br \/>\nHa trabajado en varios colegios e institutos. Actualmente trabaja en l\u2019 \u00c9cole fran\u00e7aise d\u2019Alembert et Diderot y tambi\u00e9n realiza la implementaci\u00f3n del Programa PIPAC (para ni\u00f1os con Altas Capacidades). Adem\u00e1s, colabora en nuestro centro dando apoyo a las \u00e1reas de terapia infantil y juvenil y siendo instructora del programa de entrenamiento de lectura Glifing. Es la responsable de la Cl\u00ednica de Altas Capacidades.<\/p>\n<p>Adicionalmente, se ha formado en diversos \u00e1mbitos de la infancia y la educaci\u00f3n como son los trastornos de aprendizaje, neurodid\u00e1ctica y aprendizaje digital entre otros.[\/vc_column_text][\/vc_column][\/vc_row]<\/p>\n","protected":false},"excerpt":{"rendered":"<p>[vc_row][vc_column][vc_empty_space][\/vc_column][\/vc_row][vc_row][vc_column][vc_empty_space][\/vc_column][\/vc_row][vc_row][vc_column width=&#8221;1\/2&#8243;][vc_empty_space height=&#8221;52px&#8221;][vc_empty_space height=&#8221;48px&#8221;][vc_single_image image=&#8221;8805&#8243; img_size=&#8221;full&#8221; alignment=&#8221;center&#8221;][\/vc_column][vc_column width=&#8221;1\/2&#8243;][vc_empty_space height=&#8221;52px&#8221;][vc_empty_space height=&#8221;38px&#8221;][vc_custom_heading text=&#8221;Almudena Abella Morales&#8221; use_theme_fonts=&#8221;yes&#8221;][vc_custom_heading text=&#8221;Pedagog\u00eda&#8221; font_container=&#8221;tag:h5|text_align:left&#8221; use_theme_fonts=&#8221;yes&#8221;][vc_column_text]Realiz\u00f3 el grado de Pedagog\u00eda con especialidad educativa en la Universidad de las Islas Baleares. Curs\u00f3 una maestr\u00eda de Psicolog\u00eda infantil y juvenil en la UOC y se especializ\u00f3 en Atenci\u00f3n Temprana con un posgrado. Ha trabajado en varios [&hellip;]<\/p>\n","protected":false},"author":1,"featured_media":8795,"parent":0,"menu_order":0,"comment_status":"closed","ping_status":"closed","template":"","meta":{"footnotes":""},"class_list":["post-8803","page","type-page","status-publish","has-post-thumbnail","hentry"],"_links":{"self":[{"href":"https:\/\/cnpp.org.mx\/index.php\/wp-json\/wp\/v2\/pages\/8803","targetHints":{"allow":["GET"]}}],"collection":[{"href":"https:\/\/cnpp.org.mx\/index.php\/wp-json\/wp\/v2\/pages"}],"about":[{"href":"https:\/\/cnpp.org.mx\/index.php\/wp-json\/wp\/v2\/types\/page"}],"author":[{"embeddable":true,"href":"https:\/\/cnpp.org.mx\/index.php\/wp-json\/wp\/v2\/users\/1"}],"replies":[{"embeddable":true,"href":"https:\/\/cnpp.org.mx\/index.php\/wp-json\/wp\/v2\/comments?post=8803"}],"version-history":[{"count":3,"href":"https:\/\/cnpp.org.mx\/index.php\/wp-json\/wp\/v2\/pages\/8803\/revisions"}],"predecessor-version":[{"id":8813,"href":"https:\/\/cnpp.org.mx\/index.php\/wp-json\/wp\/v2\/pages\/8803\/revisions\/8813"}],"wp:featuredmedia":[{"embeddable":true,"href":"https:\/\/cnpp.org.mx\/index.php\/wp-json\/wp\/v2\/media\/8795"}],"wp:attachment":[{"href":"https:\/\/cnpp.org.mx\/index.php\/wp-json\/wp\/v2\/media?parent=8803"}],"curies":[{"name":"wp","href":"https:\/\/api.w.org\/{rel}","templated":true}]}}