{"id":8820,"date":"2019-03-03T20:42:18","date_gmt":"2019-03-04T02:42:18","guid":{"rendered":"https:\/\/cnpp.org.mx\/?page_id=8820"},"modified":"2019-03-03T20:45:59","modified_gmt":"2019-03-04T02:45:59","slug":"maria-concepcion-luzardo-gutierrez","status":"publish","type":"page","link":"https:\/\/cnpp.org.mx\/index.php\/maria-concepcion-luzardo-gutierrez\/","title":{"rendered":"Mar\u00eda Concepci\u00f3n Luzardo Guti\u00e9rrez"},"content":{"rendered":"<p>[vc_row][vc_column][vc_empty_space][\/vc_column][\/vc_row][vc_row][vc_column][vc_empty_space][\/vc_column][\/vc_row][vc_row][vc_column width=&#8221;1\/2&#8243;][vc_empty_space height=&#8221;52px&#8221;][vc_empty_space height=&#8221;46px&#8221;][vc_single_image image=&#8221;8795&#8243; img_size=&#8221;full&#8221; alignment=&#8221;center&#8221;][\/vc_column][vc_column width=&#8221;1\/2&#8243;][vc_empty_space height=&#8221;52px&#8221;][vc_empty_space height=&#8221;48px&#8221;][vc_custom_heading text=&#8221;Mar\u00eda Concepci\u00f3n Luzardo Guti\u00e9rrez&#8221; use_theme_fonts=&#8221;yes&#8221;][vc_custom_heading text=&#8221;Licenciada en audici\u00f3n y lenguaje&#8221; font_container=&#8221;tag:h5|text_align:left&#8221; use_theme_fonts=&#8221;yes&#8221;][vc_empty_space][vc_column_text]Licenciatura en la educaci\u00f3n de personas con trastornos de la audici\u00f3n y lenguaje,\u00a0Escuela Normal deEspecializaci\u00f3n. Ciudad de M\u00e9xico.<\/p>\n<p>En M\u00e9xico de 1980 a 1982 trabaj\u00f3 en la Asociaci\u00f3n Pro-Par\u00e1lisis Cerebral (APAC) y en el Centro de Rehabilitaci\u00f3n para Problemas de Comunicaci\u00f3n (CREPCH).<\/p>\n<p>Terapeuta de Lenguaje y Aprendizaje en el Centro de Estimulaci\u00f3n del\u00a0Aprendizaje y en la Cl\u00ednica de Rehabilitaci\u00f3n Infantil en Barranquilla, Colombia en el per\u00edodo de 1982 a 1987.\u00a0Adem\u00e1s terapias particulares y en el Centro de estimulaci\u00f3n del Aprendizaje (CEA) de 1988 a 1995. Labora<strong> en el Centro\u00a0Neuro Psico Pedag\u00f3gico (CNPP)<\/strong> en la Ciudad de M\u00e9xico desde 1995 en donde <em>realiza terapias de apoyo a ni\u00f1os y adultos con problemas de lenguaje y aprendizaje.<\/em>[\/vc_column_text][\/vc_column][\/vc_row]<\/p>\n","protected":false},"excerpt":{"rendered":"<p>[vc_row][vc_column][vc_empty_space][\/vc_column][\/vc_row][vc_row][vc_column][vc_empty_space][\/vc_column][\/vc_row][vc_row][vc_column width=&#8221;1\/2&#8243;][vc_empty_space height=&#8221;52px&#8221;][vc_empty_space height=&#8221;46px&#8221;][vc_single_image image=&#8221;8795&#8243; img_size=&#8221;full&#8221; alignment=&#8221;center&#8221;][\/vc_column][vc_column width=&#8221;1\/2&#8243;][vc_empty_space height=&#8221;52px&#8221;][vc_empty_space height=&#8221;48px&#8221;][vc_custom_heading text=&#8221;Mar\u00eda Concepci\u00f3n Luzardo Guti\u00e9rrez&#8221; use_theme_fonts=&#8221;yes&#8221;][vc_custom_heading text=&#8221;Licenciada en audici\u00f3n y lenguaje&#8221; font_container=&#8221;tag:h5|text_align:left&#8221; use_theme_fonts=&#8221;yes&#8221;][vc_empty_space][vc_column_text]Licenciatura en la educaci\u00f3n de personas con trastornos de la audici\u00f3n y lenguaje,\u00a0Escuela Normal deEspecializaci\u00f3n. Ciudad de M\u00e9xico. En M\u00e9xico de 1980 a 1982 trabaj\u00f3 en la Asociaci\u00f3n Pro-Par\u00e1lisis Cerebral (APAC) y en el [&hellip;]<\/p>\n","protected":false},"author":1,"featured_media":8795,"parent":0,"menu_order":0,"comment_status":"closed","ping_status":"closed","template":"","meta":{"footnotes":""},"class_list":["post-8820","page","type-page","status-publish","has-post-thumbnail","hentry"],"_links":{"self":[{"href":"https:\/\/cnpp.org.mx\/index.php\/wp-json\/wp\/v2\/pages\/8820","targetHints":{"allow":["GET"]}}],"collection":[{"href":"https:\/\/cnpp.org.mx\/index.php\/wp-json\/wp\/v2\/pages"}],"about":[{"href":"https:\/\/cnpp.org.mx\/index.php\/wp-json\/wp\/v2\/types\/page"}],"author":[{"embeddable":true,"href":"https:\/\/cnpp.org.mx\/index.php\/wp-json\/wp\/v2\/users\/1"}],"replies":[{"embeddable":true,"href":"https:\/\/cnpp.org.mx\/index.php\/wp-json\/wp\/v2\/comments?post=8820"}],"version-history":[{"count":2,"href":"https:\/\/cnpp.org.mx\/index.php\/wp-json\/wp\/v2\/pages\/8820\/revisions"}],"predecessor-version":[{"id":8822,"href":"https:\/\/cnpp.org.mx\/index.php\/wp-json\/wp\/v2\/pages\/8820\/revisions\/8822"}],"wp:featuredmedia":[{"embeddable":true,"href":"https:\/\/cnpp.org.mx\/index.php\/wp-json\/wp\/v2\/media\/8795"}],"wp:attachment":[{"href":"https:\/\/cnpp.org.mx\/index.php\/wp-json\/wp\/v2\/media?parent=8820"}],"curies":[{"name":"wp","href":"https:\/\/api.w.org\/{rel}","templated":true}]}}