{"id":8823,"date":"2019-03-03T20:49:19","date_gmt":"2019-03-04T02:49:19","guid":{"rendered":"https:\/\/cnpp.org.mx\/?page_id=8823"},"modified":"2019-03-03T20:53:28","modified_gmt":"2019-03-04T02:53:28","slug":"rosa-maria-lazaro-diaz","status":"publish","type":"page","link":"https:\/\/cnpp.org.mx\/index.php\/rosa-maria-lazaro-diaz\/","title":{"rendered":"Rosa Maria L\u00e1zaro D\u00edaz"},"content":{"rendered":"<p>[vc_row][vc_column][vc_empty_space][\/vc_column][\/vc_row][vc_row][vc_column][vc_empty_space][\/vc_column][\/vc_row][vc_row][vc_column width=&#8221;1\/2&#8243;][vc_empty_space height=&#8221;52px&#8221;][vc_empty_space height=&#8221;46px&#8221;][vc_single_image image=&#8221;8826&#8243; img_size=&#8221;full&#8221; alignment=&#8221;center&#8221;][\/vc_column][vc_column width=&#8221;1\/2&#8243;][vc_empty_space height=&#8221;52px&#8221;][vc_empty_space height=&#8221;48px&#8221;][vc_custom_heading text=&#8221;Rosa Maria L\u00e1zaro D\u00edaz&#8221; use_theme_fonts=&#8221;yes&#8221;][vc_custom_heading text=&#8221;M. en Psicolog\u00eda cl\u00ednica.&#8221; font_container=&#8221;tag:h5|text_align:left&#8221; use_theme_fonts=&#8221;yes&#8221;][vc_empty_space][vc_column_text]Psic\u00f3loga especialista en Neuropsicolog\u00eda y Neurofeedback, con Maestr\u00eda en Psicolog\u00eda cl\u00ednica.<\/p>\n<p>Con m\u00e1s de 15 a\u00f1os de experiencia en Cl\u00ednica de Neurofeedback, Psicoterapia y Evaluaci\u00f3n Psicol\u00f3gica.<\/p>\n<p>&nbsp;<\/p>\n<p>Docente de la Universidad Iberoamericana.[\/vc_column_text][\/vc_column][\/vc_row]<\/p>\n","protected":false},"excerpt":{"rendered":"<p>[vc_row][vc_column][vc_empty_space][\/vc_column][\/vc_row][vc_row][vc_column][vc_empty_space][\/vc_column][\/vc_row][vc_row][vc_column width=&#8221;1\/2&#8243;][vc_empty_space height=&#8221;52px&#8221;][vc_empty_space height=&#8221;46px&#8221;][vc_single_image image=&#8221;8826&#8243; img_size=&#8221;full&#8221; alignment=&#8221;center&#8221;][\/vc_column][vc_column width=&#8221;1\/2&#8243;][vc_empty_space height=&#8221;52px&#8221;][vc_empty_space height=&#8221;48px&#8221;][vc_custom_heading text=&#8221;Rosa Maria L\u00e1zaro D\u00edaz&#8221; use_theme_fonts=&#8221;yes&#8221;][vc_custom_heading text=&#8221;M. en Psicolog\u00eda cl\u00ednica.&#8221; font_container=&#8221;tag:h5|text_align:left&#8221; use_theme_fonts=&#8221;yes&#8221;][vc_empty_space][vc_column_text]Psic\u00f3loga especialista en Neuropsicolog\u00eda y Neurofeedback, con Maestr\u00eda en Psicolog\u00eda cl\u00ednica. Con m\u00e1s de 15 a\u00f1os de experiencia en Cl\u00ednica de Neurofeedback, Psicoterapia y Evaluaci\u00f3n Psicol\u00f3gica. &nbsp; Docente de la Universidad Iberoamericana.[\/vc_column_text][\/vc_column][\/vc_row]<\/p>\n","protected":false},"author":1,"featured_media":8795,"parent":0,"menu_order":0,"comment_status":"closed","ping_status":"closed","template":"","meta":{"footnotes":""},"class_list":["post-8823","page","type-page","status-publish","has-post-thumbnail","hentry"],"_links":{"self":[{"href":"https:\/\/cnpp.org.mx\/index.php\/wp-json\/wp\/v2\/pages\/8823","targetHints":{"allow":["GET"]}}],"collection":[{"href":"https:\/\/cnpp.org.mx\/index.php\/wp-json\/wp\/v2\/pages"}],"about":[{"href":"https:\/\/cnpp.org.mx\/index.php\/wp-json\/wp\/v2\/types\/page"}],"author":[{"embeddable":true,"href":"https:\/\/cnpp.org.mx\/index.php\/wp-json\/wp\/v2\/users\/1"}],"replies":[{"embeddable":true,"href":"https:\/\/cnpp.org.mx\/index.php\/wp-json\/wp\/v2\/comments?post=8823"}],"version-history":[{"count":2,"href":"https:\/\/cnpp.org.mx\/index.php\/wp-json\/wp\/v2\/pages\/8823\/revisions"}],"predecessor-version":[{"id":8827,"href":"https:\/\/cnpp.org.mx\/index.php\/wp-json\/wp\/v2\/pages\/8823\/revisions\/8827"}],"wp:featuredmedia":[{"embeddable":true,"href":"https:\/\/cnpp.org.mx\/index.php\/wp-json\/wp\/v2\/media\/8795"}],"wp:attachment":[{"href":"https:\/\/cnpp.org.mx\/index.php\/wp-json\/wp\/v2\/media?parent=8823"}],"curies":[{"name":"wp","href":"https:\/\/api.w.org\/{rel}","templated":true}]}}