{"id":8828,"date":"2019-03-03T20:57:33","date_gmt":"2019-03-04T02:57:33","guid":{"rendered":"https:\/\/cnpp.org.mx\/?page_id=8828"},"modified":"2019-03-03T21:08:18","modified_gmt":"2019-03-04T03:08:18","slug":"bertha-alicia-garcia-carrillo","status":"publish","type":"page","link":"https:\/\/cnpp.org.mx\/index.php\/bertha-alicia-garcia-carrillo\/","title":{"rendered":"Bertha Alicia Garc\u00eda Carrillo"},"content":{"rendered":"<p>[vc_row][vc_column][vc_empty_space][\/vc_column][\/vc_row][vc_row][vc_column][vc_empty_space][\/vc_column][\/vc_row][vc_row][vc_column width=&#8221;1\/2&#8243;][vc_empty_space height=&#8221;52px&#8221;][vc_empty_space height=&#8221;46px&#8221;][vc_single_image image=&#8221;8830&#8243; img_size=&#8221;full&#8221; alignment=&#8221;center&#8221;][\/vc_column][vc_column width=&#8221;1\/2&#8243;][vc_empty_space height=&#8221;52px&#8221;][vc_empty_space height=&#8221;48px&#8221;][vc_custom_heading text=&#8221;Bertha Alicia Garc\u00eda Carrillo&#8221; use_theme_fonts=&#8221;yes&#8221;][vc_custom_heading text=&#8221;Licenciada en Psicolog\u00eda.&#8221; font_container=&#8221;tag:h5|text_align:left&#8221; use_theme_fonts=&#8221;yes&#8221;][vc_column_text]Bertha Alicia Garc\u00eda Carrillo es Licenciada en Psicolog\u00eda egresada de la Universidad Aut\u00f3noma de la Laguna obteniendo su t\u00edtulo con la Tesis \u201cApoyo Emocional a Padres de Ni\u00f1os con Leucemia\u201d en Torre\u00f3n Coahuila, tiene una maestr\u00eda en Psicoterapia Gestalt por el Instituto Mexicano de Psicoterapia Gestalt ahora UNIGEA, y una Maestr\u00eda en Neuropsicolog\u00eda por la Universidad Mondrag\u00f3n M\u00e9xico.<\/p>\n<p>Bertha Alicia ha sido int\u00e9rprete en lengua de signos y fue pionera en la formaci\u00f3n de la Asociaci\u00f3n de Int\u00e9rpretes en Lengua de Signos ANILS, llevando varios puestos dentro de la mesa directiva.<\/p>\n<p>Su trabajo se ha enfocado en el diagn\u00f3stico y atenci\u00f3n terap\u00e9utica de trastornos del neurodesarrollo y problemas emocionales infantojuveniles, tiene m\u00e1s de 16 a\u00f1os de experiencia terap\u00e9utica con personas dentro del Trastorno del Espectro Autista, S\u00edndrome de Down y otros s\u00edndromes neurol\u00f3gicos. Llevando tambi\u00e9n funciones Directivas en diferentes Centros dedicados a la atenci\u00f3n de la infancia, Autismo y otros trastornos.<br \/>\nFue docente por m\u00e1s de 6 a\u00f1os en la Universidad Aut\u00f3noma del Noreste en Torre\u00f3n Coahuila dando las materias de trastornos del desarrollo, desarrollo evolutivo, din\u00e1micas de grupo y seminario Gestalt.<\/p>\n<p><strong>Actualmente es responsable de la Cl\u00ednica de Autismo en el Centro Psico Pedag\u00f3gico S.C.<\/strong>[\/vc_column_text][\/vc_column][\/vc_row]<\/p>\n","protected":false},"excerpt":{"rendered":"<p>[vc_row][vc_column][vc_empty_space][\/vc_column][\/vc_row][vc_row][vc_column][vc_empty_space][\/vc_column][\/vc_row][vc_row][vc_column width=&#8221;1\/2&#8243;][vc_empty_space height=&#8221;52px&#8221;][vc_empty_space height=&#8221;46px&#8221;][vc_single_image image=&#8221;8830&#8243; img_size=&#8221;full&#8221; alignment=&#8221;center&#8221;][\/vc_column][vc_column width=&#8221;1\/2&#8243;][vc_empty_space height=&#8221;52px&#8221;][vc_empty_space height=&#8221;48px&#8221;][vc_custom_heading text=&#8221;Bertha Alicia Garc\u00eda Carrillo&#8221; use_theme_fonts=&#8221;yes&#8221;][vc_custom_heading text=&#8221;Licenciada en Psicolog\u00eda.&#8221; font_container=&#8221;tag:h5|text_align:left&#8221; use_theme_fonts=&#8221;yes&#8221;][vc_column_text]Bertha Alicia Garc\u00eda Carrillo es Licenciada en Psicolog\u00eda egresada de la Universidad Aut\u00f3noma de la Laguna obteniendo su t\u00edtulo con la Tesis \u201cApoyo Emocional a Padres de Ni\u00f1os con Leucemia\u201d en Torre\u00f3n Coahuila, tiene una maestr\u00eda [&hellip;]<\/p>\n","protected":false},"author":1,"featured_media":8795,"parent":0,"menu_order":0,"comment_status":"closed","ping_status":"closed","template":"","meta":{"footnotes":""},"class_list":["post-8828","page","type-page","status-publish","has-post-thumbnail","hentry"],"_links":{"self":[{"href":"https:\/\/cnpp.org.mx\/index.php\/wp-json\/wp\/v2\/pages\/8828","targetHints":{"allow":["GET"]}}],"collection":[{"href":"https:\/\/cnpp.org.mx\/index.php\/wp-json\/wp\/v2\/pages"}],"about":[{"href":"https:\/\/cnpp.org.mx\/index.php\/wp-json\/wp\/v2\/types\/page"}],"author":[{"embeddable":true,"href":"https:\/\/cnpp.org.mx\/index.php\/wp-json\/wp\/v2\/users\/1"}],"replies":[{"embeddable":true,"href":"https:\/\/cnpp.org.mx\/index.php\/wp-json\/wp\/v2\/comments?post=8828"}],"version-history":[{"count":4,"href":"https:\/\/cnpp.org.mx\/index.php\/wp-json\/wp\/v2\/pages\/8828\/revisions"}],"predecessor-version":[{"id":8835,"href":"https:\/\/cnpp.org.mx\/index.php\/wp-json\/wp\/v2\/pages\/8828\/revisions\/8835"}],"wp:featuredmedia":[{"embeddable":true,"href":"https:\/\/cnpp.org.mx\/index.php\/wp-json\/wp\/v2\/media\/8795"}],"wp:attachment":[{"href":"https:\/\/cnpp.org.mx\/index.php\/wp-json\/wp\/v2\/media?parent=8828"}],"curies":[{"name":"wp","href":"https:\/\/api.w.org\/{rel}","templated":true}]}}