{"id":8909,"date":"2026-03-13T14:02:20","date_gmt":"2026-03-13T20:02:20","guid":{"rendered":"https:\/\/cnpp.org.mx\/?page_id=8909"},"modified":"2026-03-13T14:02:20","modified_gmt":"2026-03-13T20:02:20","slug":"joan-manuel-ponce","status":"publish","type":"page","link":"https:\/\/cnpp.org.mx\/index.php\/joan-manuel-ponce\/","title":{"rendered":"Joan Manuel Ponce"},"content":{"rendered":"<p>[vc_row][vc_column][vc_empty_space][\/vc_column][\/vc_row][vc_row][vc_column][vc_empty_space][\/vc_column][\/vc_row][vc_row][vc_column width=&#8221;1\/2&#8243;][vc_empty_space height=&#8221;52px&#8221;][vc_empty_space height=&#8221;38px&#8221;][vc_custom_heading text=&#8221;Dr. Joan Manuel Ponce J\u00e1uregui &#8221; use_theme_fonts=&#8221;yes&#8221;][vc_custom_heading text=&#8221;Neur\u00f3logo Pediatra y Neuropsiquiatra&#8221; font_container=&#8221;tag:h5|text_align:left&#8221; use_theme_fonts=&#8221;yes&#8221;][vc_single_image image=&#8221;8911&#8243; img_size=&#8221;full&#8221; alignment=&#8221;center&#8221;][\/vc_column][vc_column width=&#8221;1\/2&#8243;][vc_empty_space height=&#8221;52px&#8221;][vc_empty_space height=&#8221;38px&#8221;][vc_column_text]El Dr. Joan Manuel Ponce J\u00e1uregui es Neur\u00f3logo Pediatra y Neuropsiquiatra con formaci\u00f3n especializada en el Centro M\u00e9dico Nacional 20 de Noviembre, avalado por la Universidad Nacional Aut\u00f3noma de M\u00e9xico, instituci\u00f3n que constituye la base principal de su formaci\u00f3n acad\u00e9mica y cl\u00ednica. Es m\u00e9dico egresado de la Universidad Aut\u00f3noma de Aguascalientes y especialista por la Universidad Aut\u00f3noma de Sinaloa. Actualmente cursa diplomado en Neuropsiquiatr\u00eda en el Hospital Psiqui\u00e1trico Infantil Juan N. Navarro. Cuenta con certificaci\u00f3n vigente por el Consejo Mexicano de Pediatr\u00eda y el Consejo Mexicano de Neurolog\u00eda. Su pr\u00e1ctica se enfoca en autismo, trastornos del neurodesarrollo y epilepsia infantil.<\/p>\n<p>Servicios en los que se especializa:<\/p>\n<ul>\n<li>Evaluaci\u00f3n y diagn\u00f3stico de Trastorno del Espectro Autista<\/li>\n<li>Trastornos del neurodesarrollo (lenguaje, TDAH, aprendizaje, sue\u00f1o y conducta)<\/li>\n<li>Epilepsia infantil y segunda opini\u00f3n especializada<\/li>\n<\/ul>\n<p>Neur\u00f3logo de ni\u00f1os con acompa\u00f1amiento y respuestas claras para su familia.<\/p>\n<p>Neur\u00f3logo de ni\u00f1os con acompa\u00f1amiento y respuestas claras para su familia.[\/vc_column_text][\/vc_column][\/vc_row]<\/p>\n","protected":false},"excerpt":{"rendered":"<p>[vc_row][vc_column][vc_empty_space][\/vc_column][\/vc_row][vc_row][vc_column][vc_empty_space][\/vc_column][\/vc_row][vc_row][vc_column width=&#8221;1\/2&#8243;][vc_empty_space height=&#8221;52px&#8221;][vc_empty_space height=&#8221;38px&#8221;][vc_custom_heading text=&#8221;Dr. Joan Manuel Ponce J\u00e1uregui &#8221; use_theme_fonts=&#8221;yes&#8221;][vc_custom_heading text=&#8221;Neur\u00f3logo Pediatra y Neuropsiquiatra&#8221; font_container=&#8221;tag:h5|text_align:left&#8221; use_theme_fonts=&#8221;yes&#8221;][vc_single_image image=&#8221;8911&#8243; img_size=&#8221;full&#8221; alignment=&#8221;center&#8221;][\/vc_column][vc_column width=&#8221;1\/2&#8243;][vc_empty_space height=&#8221;52px&#8221;][vc_empty_space height=&#8221;38px&#8221;][vc_column_text]El Dr. Joan Manuel Ponce J\u00e1uregui es Neur\u00f3logo Pediatra y Neuropsiquiatra con formaci\u00f3n especializada en el Centro M\u00e9dico Nacional 20 de Noviembre, avalado por la Universidad Nacional Aut\u00f3noma de M\u00e9xico, instituci\u00f3n que constituye [&hellip;]<\/p>\n","protected":false},"author":1,"featured_media":8795,"parent":0,"menu_order":0,"comment_status":"closed","ping_status":"closed","template":"","meta":{"footnotes":""},"class_list":["post-8909","page","type-page","status-publish","has-post-thumbnail","hentry"],"_links":{"self":[{"href":"https:\/\/cnpp.org.mx\/index.php\/wp-json\/wp\/v2\/pages\/8909","targetHints":{"allow":["GET"]}}],"collection":[{"href":"https:\/\/cnpp.org.mx\/index.php\/wp-json\/wp\/v2\/pages"}],"about":[{"href":"https:\/\/cnpp.org.mx\/index.php\/wp-json\/wp\/v2\/types\/page"}],"author":[{"embeddable":true,"href":"https:\/\/cnpp.org.mx\/index.php\/wp-json\/wp\/v2\/users\/1"}],"replies":[{"embeddable":true,"href":"https:\/\/cnpp.org.mx\/index.php\/wp-json\/wp\/v2\/comments?post=8909"}],"version-history":[{"count":2,"href":"https:\/\/cnpp.org.mx\/index.php\/wp-json\/wp\/v2\/pages\/8909\/revisions"}],"predecessor-version":[{"id":8912,"href":"https:\/\/cnpp.org.mx\/index.php\/wp-json\/wp\/v2\/pages\/8909\/revisions\/8912"}],"wp:featuredmedia":[{"embeddable":true,"href":"https:\/\/cnpp.org.mx\/index.php\/wp-json\/wp\/v2\/media\/8795"}],"wp:attachment":[{"href":"https:\/\/cnpp.org.mx\/index.php\/wp-json\/wp\/v2\/media?parent=8909"}],"curies":[{"name":"wp","href":"https:\/\/api.w.org\/{rel}","templated":true}]}}